{"id":30585,"date":"2016-03-10T18:51:46","date_gmt":"2016-03-10T17:51:46","guid":{"rendered":"https:\/\/desto.life\/aviso-legal\/"},"modified":"2026-02-03T17:05:50","modified_gmt":"2026-02-03T16:05:50","slug":"aviso-legal","status":"publish","type":"page","link":"https:\/\/desto.life\/es\/aviso-legal\/","title":{"rendered":"Aviso Legal"},"content":{"rendered":"\t\t<div data-elementor-type=\"wp-page\" data-elementor-id=\"30585\" class=\"elementor elementor-30585 elementor-745\" data-elementor-post-type=\"page\">\n\t\t\t\t<div class=\"elementor-element elementor-element-45843893 e-flex e-con-boxed e-con e-parent\" data-id=\"45843893\" data-element_type=\"container\" data-e-type=\"container\" data-settings=\"{&quot;background_background&quot;:&quot;classic&quot;}\">\n\t\t\t\t\t<div class=\"e-con-inner\">\n\t\t<div class=\"elementor-element elementor-element-207fcd0b e-con-full textos-legales e-flex e-con e-child\" data-id=\"207fcd0b\" data-element_type=\"container\" data-e-type=\"container\">\n\t\t\t\t<div class=\"elementor-element elementor-element-145692ac elementor-widget elementor-widget-heading\" data-id=\"145692ac\" data-element_type=\"widget\" data-e-type=\"widget\" data-widget_type=\"heading.default\">\n\t\t\t\t\t<h1 class=\"elementor-heading-title elementor-size-default\">Aviso legal<\/h1>\t\t\t\t<\/div>\n\t\t\t\t<div class=\"elementor-element elementor-element-75605e5c elementor-widget elementor-widget-heading\" data-id=\"75605e5c\" data-element_type=\"widget\" data-e-type=\"widget\" data-widget_type=\"heading.default\">\n\t\t\t\t\t<h2 class=\"elementor-heading-title elementor-size-default\">I. Informaci\u00f3n general<\/h2>\t\t\t\t<\/div>\n\t\t\t\t<div class=\"elementor-element elementor-element-6594b6fb text-with-strong elementor-widget elementor-widget-text-editor\" data-id=\"6594b6fb\" data-element_type=\"widget\" data-e-type=\"widget\" data-widget_type=\"text-editor.default\">\n\t\t\t\t\t\t\t\t\t<p>En cumplimiento del deber de informaci\u00f3n establecido en la Ley 34\/2002 de Servicios de la Sociedad de la Informaci\u00f3n y el Comercio Electr\u00f3nico (LSSI-CE) de 11 de julio, a continuaci\u00f3n, se proporciona la siguiente informaci\u00f3n general sobre este sitio web:<\/p><p><strong>Nombre de la empresa:<\/strong> Desto Europe Sociedad Limitada, en adelante EL PROPIETARIO<br><strong>Nombre comercial:<\/strong> desto.life, en adelante EL SITIO WEB<br><strong>N\u00famero de identificaci\u00f3n fiscal:<\/strong> B01658160<br><strong>Direcci\u00f3n postal:<\/strong> Calle Madrid 5, Ibiza, Spain 07800<br><strong>N\u00famero de tel\u00e9fono de contacto:<\/strong> +34 662 615 461<br><strong>Direcci\u00f3n de correo electr\u00f3nico de contacto:<\/strong> info@desto.life<\/p>\t\t\t\t\t\t\t\t<\/div>\n\t\t\t\t<div class=\"elementor-element elementor-element-5328d692 elementor-widget elementor-widget-heading\" data-id=\"5328d692\" data-element_type=\"widget\" data-e-type=\"widget\" data-widget_type=\"heading.default\">\n\t\t\t\t\t<h2 class=\"elementor-heading-title elementor-size-default\">II. T\u00e9rminos y condiciones generales de uso <\/h2>\t\t\t\t<\/div>\n\t\t\t\t<div class=\"elementor-element elementor-element-417a38b elementor-widget elementor-widget-heading\" data-id=\"417a38b\" data-element_type=\"widget\" data-e-type=\"widget\" data-widget_type=\"heading.default\">\n\t\t\t\t\t<h3 class=\"elementor-heading-title elementor-size-default\">Objeto de los t\u00e9rminos y condiciones: El sitio web<\/h3>\t\t\t\t<\/div>\n\t\t\t\t<div class=\"elementor-element elementor-element-21300122 elementor-widget elementor-widget-text-editor\" data-id=\"21300122\" data-element_type=\"widget\" data-e-type=\"widget\" data-widget_type=\"text-editor.default\">\n\t\t\t\t\t\t\t\t\t<p>El prop\u00f3sito de estos T\u00e9rminos y Condiciones Generales de Uso (en adelante, T\u00e9rminos y Condiciones) es regular el acceso y el uso del sitio web. A los efectos de estas Condiciones, se entender\u00e1 por sitio web: la apariencia externa de las interfaces de pantalla, tanto est\u00e1ticas como din\u00e1micas, es decir, el \u00e1rbol de navegaci\u00f3n; y todos los elementos integrados tanto en las interfaces de pantalla como en el \u00e1rbol de navegaci\u00f3n (en adelante, Contenidos) y todos aquellos servicios o recursos en l\u00ednea que puedan ofrecerse a los Usuarios (en adelante, Servicios). <\/p><p>EL SITIO WEB se reserva el derecho de modificar, en cualquier momento y sin previo aviso, la presentaci\u00f3n y configuraci\u00f3n del sitio web y los contenidos y servicios que puedan incorporarse al mismo. El Usuario reconoce y acepta que, en cualquier momento, EL SITIO WEB puede interrumpir, desactivar y\/o cancelar cualquiera de estos elementos que est\u00e9n integrados en el sitio web o el acceso a ellos. <\/p><p>El acceso al sitio web por parte del Usuario es gratuito y, por regla general, sin cargo, sin que el Usuario tenga que proporcionar ninguna contraprestaci\u00f3n para disfrutarlo, salvo el coste de la conexi\u00f3n a trav\u00e9s de la red de telecomunicaciones proporcionada por el proveedor de acceso contratado por el Usuario.<\/p><p>El uso de cualquiera de los Contenidos o Servicios del sitio web podr\u00e1 realizarse mediante la suscripci\u00f3n o el registro previo por parte del Usuario.<\/p>\t\t\t\t\t\t\t\t<\/div>\n\t\t\t\t<div class=\"elementor-element elementor-element-715cd708 elementor-widget elementor-widget-heading\" data-id=\"715cd708\" data-element_type=\"widget\" data-e-type=\"widget\" data-widget_type=\"heading.default\">\n\t\t\t\t\t<h3 class=\"elementor-heading-title elementor-size-default\">Objeto de los t\u00e9rminos y condiciones: El sitio web<\/h3>\t\t\t\t<\/div>\n\t\t\t\t<div class=\"elementor-element elementor-element-591850a7 elementor-widget elementor-widget-text-editor\" data-id=\"591850a7\" data-element_type=\"widget\" data-e-type=\"widget\" data-widget_type=\"text-editor.default\">\n\t\t\t\t\t\t\t\t\t<p>El acceso, la navegaci\u00f3n y el uso del sitio web, as\u00ed como los espacios habilitados para la interacci\u00f3n entre los Usuarios, y el Usuario y EL SITIO WEB, como los comentarios y\/o los espacios de blogs, confieren la condici\u00f3n de Usuario y, por lo tanto, desde el momento en que empieza a navegar por el sitio web, acepta todas las Condiciones establecidas en el presente documento, as\u00ed como cualquier modificaci\u00f3n posterior, sin perjuicio de la aplicaci\u00f3n de las correspondientes normativas legales de obligado cumplimiento, seg\u00fan sea el caso. Dada la importancia de lo anterior, se aconseja a los Usuarios que las lean cada vez que visiten el sitio web. <\/p><p>EL SITIO WEB proporciona una amplia gama de informaci\u00f3n, servicios y datos. El Usuario asume la responsabilidad del uso correcto del sitio web. Esta responsabilidad se extiende a:  <\/p><p>El uso de la informaci\u00f3n, el contenido y\/o los servicios y datos ofrecidos por EL SITIO WEB de una manera que no contravenga las disposiciones de estas Condiciones, la Ley, la moral o el orden p\u00fablico, o de cualquier otra manera que pueda infringir los derechos de terceros o el funcionamiento del propio sitio web.<\/p><p>La exactitud y la legalidad de la informaci\u00f3n proporcionada por el Usuario en los formularios emitidos por EL SITIO WEB para acceder a determinados Contenidos o Servicios ofrecidos por el sitio web. En cualquier caso, el Usuario deber\u00e1 notificar inmediatamente a EL SITIO WEB cualquier evento que permita el uso indebido de la informaci\u00f3n registrada en dichos formularios, como, entre otros, el robo, la p\u00e9rdida o el acceso no autorizado a los identificadores y\/o contrase\u00f1as, con el fin de proceder a su cancelaci\u00f3n inmediata. <\/p><p>EL SITIO WEB se reserva el derecho de eliminar cualquier comentario y contribuci\u00f3n que viole la ley, el respeto a la dignidad humana, que sea discriminatorio, xen\u00f3fobo, racista, pornogr\u00e1fico, spam, que atente contra la juventud o la infancia, el orden p\u00fablico o la seguridad o que, en su opini\u00f3n, no sea adecuado para su publicaci\u00f3n.<\/p><p>En cualquier caso, EL SITIO WEB no se hace responsable de las opiniones expresadas por los Usuarios a trav\u00e9s de comentarios u otras herramientas de blogs o de participaci\u00f3n que puedan existir.<\/p><p>El mero acceso a este sitio web no implica ning\u00fan tipo de relaci\u00f3n comercial entre EL SITIO WEB y el Usuario.<\/p><p>El Usuario declara que es mayor de edad y que tiene la capacidad legal suficiente para estar sujeto a estos T\u00e9rminos y Condiciones. Por lo tanto, este sitio web de EL SITIO WEB no est\u00e1 destinado a menores de edad. EL SITIO WEB declina cualquier responsabilidad por el incumplimiento de este requisito.  <\/p><p>El sitio web est\u00e1 destinado principalmente a Usuarios que residen en el Reino Unido. EL SITIO WEB no garantiza que el sitio web cumpla con las leyes de otros pa\u00edses, ni en su totalidad ni en parte. Si el Usuario reside o est\u00e1 domiciliado en otro lugar y decide acceder y\/o navegar por el sitio web, lo hace bajo su propio riesgo y debe asegurarse de que dicho acceso y navegaci\u00f3n cumplen con la legislaci\u00f3n local que le sea aplicable, sin que EL SITIO WEB asuma responsabilidad alguna que pueda derivarse de dicho acceso.  <\/p>\t\t\t\t\t\t\t\t<\/div>\n\t\t\t\t<div class=\"elementor-element elementor-element-5abf2371 elementor-widget elementor-widget-heading\" data-id=\"5abf2371\" data-element_type=\"widget\" data-e-type=\"widget\" data-widget_type=\"heading.default\">\n\t\t\t\t\t<h2 class=\"elementor-heading-title elementor-size-default\">III. Acceso y navegaci\u00f3n en el sitio web: Exclusi\u00f3n de garant\u00edas y responsabilidad <\/h2>\t\t\t\t<\/div>\n\t\t\t\t<div class=\"elementor-element elementor-element-161bb93f elementor-widget elementor-widget-text-editor\" data-id=\"161bb93f\" data-element_type=\"widget\" data-e-type=\"widget\" data-widget_type=\"text-editor.default\">\n\t\t\t\t\t\t\t\t\t<p>EL SITIO WEB no garantiza la continuidad, la disponibilidad o la utilidad del sitio web, su contenido o sus servicios. EL SITIO WEB har\u00e1 todo lo posible para garantizar el buen funcionamiento del sitio web; sin embargo, no se responsabiliza ni garantiza que el acceso a este sitio web sea ininterrumpido o est\u00e9 libre de errores. <\/p><p>Tampoco acepta responsabilidad ni garantiza que el contenido o el software al que se pueda acceder a trav\u00e9s de este sitio web est\u00e9 libre de errores o no cause da\u00f1os al sistema inform\u00e1tico del Usuario (software y hardware). Bajo ninguna circunstancia, EL SITIO WEB ser\u00e1 responsable de cualquier p\u00e9rdida o da\u00f1o de cualquier tipo que surja del acceso, la navegaci\u00f3n y el uso del sitio web, incluyendo, pero no limitado a, da\u00f1os a los sistemas inform\u00e1ticos o da\u00f1os causados por la introducci\u00f3n de virus. <\/p><p>EL SITIO WEB tampoco se hace responsable de los da\u00f1os que puedan causarse a los usuarios debido a un uso indebido de este sitio web. En particular, no se hace responsable en modo alguno de las ca\u00eddas, interrupciones, fallos o defectos en las telecomunicaciones que puedan producirse. <\/p>\t\t\t\t\t\t\t\t<\/div>\n\t\t\t\t<div class=\"elementor-element elementor-element-3bf1e817 elementor-widget elementor-widget-heading\" data-id=\"3bf1e817\" data-element_type=\"widget\" data-e-type=\"widget\" data-widget_type=\"heading.default\">\n\t\t\t\t\t<h2 class=\"elementor-heading-title elementor-size-default\">IV. Pol\u00edtica de enlaces <\/h2>\t\t\t\t<\/div>\n\t\t\t\t<div class=\"elementor-element elementor-element-402bf113 elementor-widget elementor-widget-text-editor\" data-id=\"402bf113\" data-element_type=\"widget\" data-e-type=\"widget\" data-widget_type=\"text-editor.default\">\n\t\t\t\t\t\t\t\t\t<p>Tenga en cuenta que EL SITIO WEB pone o puede poner a disposici\u00f3n de los Usuarios enlaces (tales como, entre otros, enlaces, banners, botones), directorios y motores de b\u00fasqueda que permiten a los Usuarios acceder a sitios web pertenecientes a y\/o gestionados por terceros.<\/p><p>La instalaci\u00f3n de estos enlaces, directorios y motores de b\u00fasqueda en el sitio web tiene como objetivo facilitar la b\u00fasqueda y el acceso de los Usuarios a la informaci\u00f3n disponible en Internet, sin que esto se considere una sugerencia, recomendaci\u00f3n o invitaci\u00f3n a visitarlos.<\/p><p>EL SITIO WEB no ofrece ni comercializa, ni por s\u00ed mismo ni a trav\u00e9s de terceros, los productos y\/o servicios disponibles en estos sitios enlazados.<\/p><p>Asimismo, no garantiza la disponibilidad t\u00e9cnica, exactitud, veracidad, validez o legalidad de los sitios ajenos a su propiedad a los que se pueda acceder a trav\u00e9s de los enlaces.<\/p><p>EL SITIO WEB en ning\u00fan caso revisar\u00e1 ni controlar\u00e1 el contenido de otros sitios web, ni aprueba, examina o avala los productos y servicios, contenidos, archivos y cualquier otro material existente en los mencionados sitios enlazados.<\/p><p>EL SITIO WEB no asume ninguna responsabilidad por los da\u00f1os que puedan derivarse del acceso, uso, calidad o legalidad de los contenidos, comunicaciones, opiniones, productos y servicios de los sitios web no gestionados por EL SITIO WEB y que est\u00e9n enlazados a este sitio web.<\/p><p>Los Usuarios o terceros que creen un hiperenlace desde una p\u00e1gina web en otro sitio web diferente a EL SITIO WEB deben saber que:<\/p><p>No est\u00e1 permitida la reproducci\u00f3n, total o parcial, de ninguno de los Contenidos y\/o Servicios de EL SITIO WEB sin la autorizaci\u00f3n expresa de EL SITIO WEB.<\/p><p>No se permiten declaraciones falsas, inexactas o incorrectas sobre el sitio web o su Contenido y\/o Servicios.<\/p><p>Con la excepci\u00f3n del hiperenlace, el sitio web en el que se establezca dicho hiperenlace no contendr\u00e1 ning\u00fan elemento de este sitio web que est\u00e9 protegido como propiedad intelectual por la ley espa\u00f1ola, a menos que est\u00e9 expresamente autorizado por el sitio web.<\/p><p>El establecimiento del hiperenlace no implicar\u00e1 la existencia de una relaci\u00f3n entre EL SITIO WEB y el propietario del sitio web desde el que se realiza, ni el conocimiento y la aceptaci\u00f3n por parte de EL SITIO WEB del contenido, los servicios y\/o las actividades ofrecidas en dicho sitio web, y viceversa.<\/p>\t\t\t\t\t\t\t\t<\/div>\n\t\t\t\t<div class=\"elementor-element elementor-element-36396ec7 elementor-widget elementor-widget-heading\" data-id=\"36396ec7\" data-element_type=\"widget\" data-e-type=\"widget\" data-widget_type=\"heading.default\">\n\t\t\t\t\t<h2 class=\"elementor-heading-title elementor-size-default\">V. Propiedad intelectual e industrial<\/h2>\t\t\t\t<\/div>\n\t\t\t\t<div class=\"elementor-element elementor-element-3f21f64e elementor-widget elementor-widget-text-editor\" data-id=\"3f21f64e\" data-element_type=\"widget\" data-e-type=\"widget\" data-widget_type=\"text-editor.default\">\n\t\t\t\t\t\t\t\t\t<p>EL SITIO WEB, ya sea por s\u00ed mismo o como cesionario, es el propietario de todos los derechos de propiedad intelectual e industrial del sitio web, as\u00ed como de los elementos contenidos en el mismo (incluyendo, pero no limitado a, im\u00e1genes, sonido, audio, v\u00eddeo, software o textos, marcas o logotipos, combinaciones de colores, estructura y dise\u00f1o, selecci\u00f3n de materiales utilizados, programas inform\u00e1ticos necesarios para su funcionamiento, acceso y uso, etc.). Por lo tanto, ser\u00e1n obras protegidas como propiedad intelectual por el ordenamiento jur\u00eddico espa\u00f1ol, siendo aplicables tanto la normativa espa\u00f1ola como la de la UE en este \u00e1mbito, as\u00ed como los tratados internacionales relativos a la materia y firmados por Espa\u00f1a. <\/p><p>Todos los derechos reservados. En virtud de lo dispuesto en la Ley de Propiedad Intelectual, queda expresamente prohibida la reproducci\u00f3n, distribuci\u00f3n y comunicaci\u00f3n p\u00fablica, incluida la modalidad de puesta a disposici\u00f3n, de la totalidad o parte de los contenidos de esta p\u00e1gina web con fines comerciales, en cualquier soporte y por cualquier medio t\u00e9cnico, sin la autorizaci\u00f3n de EL SITIO WEB. <\/p><p>El Usuario se compromete a respetar los derechos de propiedad intelectual e industrial de EL SITIO WEB. Podr\u00e1 visualizar los elementos del sitio web o incluso imprimirlos, copiarlos y almacenarlos en el disco duro de su ordenador o en cualquier otro soporte f\u00edsico, siempre que sea exclusivamente para su uso personal. Sin embargo, el Usuario no podr\u00e1 suprimir, alterar o manipular ning\u00fan dispositivo de protecci\u00f3n o sistema de seguridad instalado en el sitio web.  <\/p><p>Si el Usuario o un tercero considera que alguno de los Contenidos del sitio web constituye una violaci\u00f3n de los derechos de propiedad intelectual, deber\u00e1 notificarlo inmediatamente a EL SITIO WEB utilizando los datos de contacto que figuran en la secci\u00f3n INFORMACI\u00d3N GENERAL de este Aviso Legal y Condiciones Generales de Uso.<\/p>\t\t\t\t\t\t\t\t<\/div>\n\t\t\t\t<div class=\"elementor-element elementor-element-5778e4a elementor-widget elementor-widget-heading\" data-id=\"5778e4a\" data-element_type=\"widget\" data-e-type=\"widget\" data-widget_type=\"heading.default\">\n\t\t\t\t\t<h2 class=\"elementor-heading-title elementor-size-default\">VI. Acciones legales, legislaci\u00f3n aplicable y jurisdicci\u00f3n <\/h2>\t\t\t\t<\/div>\n\t\t\t\t<div class=\"elementor-element elementor-element-6f30c7ed elementor-widget elementor-widget-text-editor\" data-id=\"6f30c7ed\" data-element_type=\"widget\" data-e-type=\"widget\" data-widget_type=\"text-editor.default\">\n\t\t\t\t\t\t\t\t\t<p>EL SITIO WEB se reserva el derecho a interponer las acciones civiles o penales que considere necesarias por el uso indebido del sitio web y sus Contenidos, o por el incumplimiento de estos T\u00e9rminos y Condiciones.<\/p><p>La relaci\u00f3n entre el Usuario y EL SITIO WEB se regir\u00e1 por la normativa vigente y aplicable en Espa\u00f1a. En caso de que surja alguna controversia en relaci\u00f3n con la interpretaci\u00f3n y\/o aplicaci\u00f3n de estas Condiciones, las partes someter\u00e1n sus controversias a la jurisdicci\u00f3n ordinaria, someti\u00e9ndose a los jueces y tribunales que correspondan de acuerdo con la ley. <\/p>\t\t\t\t\t\t\t\t<\/div>\n\t\t\t\t<\/div>\n\t\t\t\t\t<\/div>\n\t\t\t\t<\/div>\n\t\t\t\t<\/div>\n\t\t","protected":false},"excerpt":{"rendered":"<p>Aviso legal I. Informaci\u00f3n general En cumplimiento del deber de informaci\u00f3n establecido en la Ley 34\/2002 de Servicios de la Sociedad de la Informaci\u00f3n y el Comercio Electr\u00f3nico (LSSI-CE) de 11 de julio, a continuaci\u00f3n, se proporciona la siguiente informaci\u00f3n general sobre este sitio web: Nombre de la empresa: , en adelante EL PROPIETARIONombre comercial: [&hellip;]<\/p>\n","protected":false},"author":1,"featured_media":0,"parent":0,"menu_order":0,"comment_status":"closed","ping_status":"closed","template":"elementor_header_footer","meta":{"footnotes":""},"class_list":["post-30585","page","type-page","status-publish","hentry"],"yoast_head":"<!-- This site is optimized with the Yoast SEO plugin v27.4 - https:\/\/yoast.com\/product\/yoast-seo-wordpress\/ -->\n<title>Aviso Legal - Desto<\/title>\n<meta name=\"robots\" content=\"noindex, follow\" \/>\n<meta property=\"og:locale\" content=\"es_ES\" \/>\n<meta property=\"og:type\" content=\"article\" \/>\n<meta property=\"og:title\" content=\"Aviso Legal - Desto\" \/>\n<meta property=\"og:description\" content=\"Aviso legal I. Informaci\u00f3n general En cumplimiento del deber de informaci\u00f3n establecido en la Ley 34\/2002 de Servicios de la Sociedad de la Informaci\u00f3n y el Comercio Electr\u00f3nico (LSSI-CE) de 11 de julio, a continuaci\u00f3n, se proporciona la siguiente informaci\u00f3n general sobre este sitio web: Nombre de la empresa: , en adelante EL PROPIETARIONombre comercial: [&hellip;]\" \/>\n<meta property=\"og:url\" content=\"https:\/\/desto.life\/es\/aviso-legal\/\" \/>\n<meta property=\"og:site_name\" content=\"Desto\" \/>\n<meta property=\"article:publisher\" content=\"https:\/\/www.facebook.com\/people\/Desto\/100066478405366\/\" \/>\n<meta property=\"article:modified_time\" content=\"2026-02-03T16:05:50+00:00\" \/>\n<meta name=\"twitter:card\" content=\"summary_large_image\" \/>\n<meta name=\"twitter:label1\" content=\"Tiempo de lectura\" \/>\n\t<meta name=\"twitter:data1\" content=\"10 minutos\" \/>\n<script type=\"application\/ld+json\" class=\"yoast-schema-graph\">{\"@context\":\"https:\\\/\\\/schema.org\",\"@graph\":[{\"@type\":\"WebPage\",\"@id\":\"https:\\\/\\\/desto.life\\\/es\\\/aviso-legal\\\/\",\"url\":\"https:\\\/\\\/desto.life\\\/es\\\/aviso-legal\\\/\",\"name\":\"Aviso Legal - Desto\",\"isPartOf\":{\"@id\":\"https:\\\/\\\/desto.life\\\/#website\"},\"datePublished\":\"2016-03-10T17:51:46+00:00\",\"dateModified\":\"2026-02-03T16:05:50+00:00\",\"breadcrumb\":{\"@id\":\"https:\\\/\\\/desto.life\\\/es\\\/aviso-legal\\\/#breadcrumb\"},\"inLanguage\":\"es\",\"potentialAction\":[{\"@type\":\"ReadAction\",\"target\":[\"https:\\\/\\\/desto.life\\\/es\\\/aviso-legal\\\/\"]}]},{\"@type\":\"BreadcrumbList\",\"@id\":\"https:\\\/\\\/desto.life\\\/es\\\/aviso-legal\\\/#breadcrumb\",\"itemListElement\":[{\"@type\":\"ListItem\",\"position\":1,\"name\":\"Home\",\"item\":\"https:\\\/\\\/desto.life\\\/es\\\/\"},{\"@type\":\"ListItem\",\"position\":2,\"name\":\"Aviso Legal\"}]},{\"@type\":\"WebSite\",\"@id\":\"https:\\\/\\\/desto.life\\\/#website\",\"url\":\"https:\\\/\\\/desto.life\\\/\",\"name\":\"Desto\",\"description\":\"Real Estate and yatching\",\"publisher\":{\"@id\":\"https:\\\/\\\/desto.life\\\/#organization\"},\"potentialAction\":[{\"@type\":\"SearchAction\",\"target\":{\"@type\":\"EntryPoint\",\"urlTemplate\":\"https:\\\/\\\/desto.life\\\/?s={search_term_string}\"},\"query-input\":{\"@type\":\"PropertyValueSpecification\",\"valueRequired\":true,\"valueName\":\"search_term_string\"}}],\"inLanguage\":\"es\"},{\"@type\":\"Organization\",\"@id\":\"https:\\\/\\\/desto.life\\\/#organization\",\"name\":\"Desto\",\"url\":\"https:\\\/\\\/desto.life\\\/\",\"logo\":{\"@type\":\"ImageObject\",\"inLanguage\":\"es\",\"@id\":\"https:\\\/\\\/desto.life\\\/#\\\/schema\\\/logo\\\/image\\\/\",\"url\":\"https:\\\/\\\/desto.life\\\/wp-content\\\/uploads\\\/2025\\\/10\\\/logo_desto.png\",\"contentUrl\":\"https:\\\/\\\/desto.life\\\/wp-content\\\/uploads\\\/2025\\\/10\\\/logo_desto.png\",\"width\":168,\"height\":47,\"caption\":\"Desto\"},\"image\":{\"@id\":\"https:\\\/\\\/desto.life\\\/#\\\/schema\\\/logo\\\/image\\\/\"},\"sameAs\":[\"https:\\\/\\\/www.facebook.com\\\/people\\\/Desto\\\/100066478405366\\\/\",\"https:\\\/\\\/www.instagram.com\\\/desto.life\\\/\"]}]}<\/script>\n<!-- \/ Yoast SEO plugin. -->","yoast_head_json":{"title":"Aviso Legal - Desto","robots":{"index":"noindex","follow":"follow"},"og_locale":"es_ES","og_type":"article","og_title":"Aviso Legal - Desto","og_description":"Aviso legal I. Informaci\u00f3n general En cumplimiento del deber de informaci\u00f3n establecido en la Ley 34\/2002 de Servicios de la Sociedad de la Informaci\u00f3n y el Comercio Electr\u00f3nico (LSSI-CE) de 11 de julio, a continuaci\u00f3n, se proporciona la siguiente informaci\u00f3n general sobre este sitio web: Nombre de la empresa: , en adelante EL PROPIETARIONombre comercial: [&hellip;]","og_url":"https:\/\/desto.life\/es\/aviso-legal\/","og_site_name":"Desto","article_publisher":"https:\/\/www.facebook.com\/people\/Desto\/100066478405366\/","article_modified_time":"2026-02-03T16:05:50+00:00","twitter_card":"summary_large_image","twitter_misc":{"Tiempo de lectura":"10 minutos"},"schema":{"@context":"https:\/\/schema.org","@graph":[{"@type":"WebPage","@id":"https:\/\/desto.life\/es\/aviso-legal\/","url":"https:\/\/desto.life\/es\/aviso-legal\/","name":"Aviso Legal - Desto","isPartOf":{"@id":"https:\/\/desto.life\/#website"},"datePublished":"2016-03-10T17:51:46+00:00","dateModified":"2026-02-03T16:05:50+00:00","breadcrumb":{"@id":"https:\/\/desto.life\/es\/aviso-legal\/#breadcrumb"},"inLanguage":"es","potentialAction":[{"@type":"ReadAction","target":["https:\/\/desto.life\/es\/aviso-legal\/"]}]},{"@type":"BreadcrumbList","@id":"https:\/\/desto.life\/es\/aviso-legal\/#breadcrumb","itemListElement":[{"@type":"ListItem","position":1,"name":"Home","item":"https:\/\/desto.life\/es\/"},{"@type":"ListItem","position":2,"name":"Aviso Legal"}]},{"@type":"WebSite","@id":"https:\/\/desto.life\/#website","url":"https:\/\/desto.life\/","name":"Desto","description":"Real Estate and yatching","publisher":{"@id":"https:\/\/desto.life\/#organization"},"potentialAction":[{"@type":"SearchAction","target":{"@type":"EntryPoint","urlTemplate":"https:\/\/desto.life\/?s={search_term_string}"},"query-input":{"@type":"PropertyValueSpecification","valueRequired":true,"valueName":"search_term_string"}}],"inLanguage":"es"},{"@type":"Organization","@id":"https:\/\/desto.life\/#organization","name":"Desto","url":"https:\/\/desto.life\/","logo":{"@type":"ImageObject","inLanguage":"es","@id":"https:\/\/desto.life\/#\/schema\/logo\/image\/","url":"https:\/\/desto.life\/wp-content\/uploads\/2025\/10\/logo_desto.png","contentUrl":"https:\/\/desto.life\/wp-content\/uploads\/2025\/10\/logo_desto.png","width":168,"height":47,"caption":"Desto"},"image":{"@id":"https:\/\/desto.life\/#\/schema\/logo\/image\/"},"sameAs":["https:\/\/www.facebook.com\/people\/Desto\/100066478405366\/","https:\/\/www.instagram.com\/desto.life\/"]}]}},"_links":{"self":[{"href":"https:\/\/desto.life\/es\/wp-json\/wp\/v2\/pages\/30585","targetHints":{"allow":["GET"]}}],"collection":[{"href":"https:\/\/desto.life\/es\/wp-json\/wp\/v2\/pages"}],"about":[{"href":"https:\/\/desto.life\/es\/wp-json\/wp\/v2\/types\/page"}],"author":[{"embeddable":true,"href":"https:\/\/desto.life\/es\/wp-json\/wp\/v2\/users\/1"}],"replies":[{"embeddable":true,"href":"https:\/\/desto.life\/es\/wp-json\/wp\/v2\/comments?post=30585"}],"version-history":[{"count":6,"href":"https:\/\/desto.life\/es\/wp-json\/wp\/v2\/pages\/30585\/revisions"}],"predecessor-version":[{"id":33071,"href":"https:\/\/desto.life\/es\/wp-json\/wp\/v2\/pages\/30585\/revisions\/33071"}],"wp:attachment":[{"href":"https:\/\/desto.life\/es\/wp-json\/wp\/v2\/media?parent=30585"}],"curies":[{"name":"wp","href":"https:\/\/api.w.org\/{rel}","templated":true}]}}