{"id":30583,"date":"2020-02-27T16:59:06","date_gmt":"2020-02-27T15:59:06","guid":{"rendered":"https:\/\/desto.life\/resultados-de-busqueda\/"},"modified":"2026-01-22T12:18:44","modified_gmt":"2026-01-22T11:18:44","slug":"resultados-de-busqueda","status":"publish","type":"page","link":"https:\/\/desto.life\/es\/resultados-de-busqueda\/","title":{"rendered":"Resultados de b\u00fasqueda"},"content":{"rendered":"\t\t<div data-elementor-type=\"wp-page\" data-elementor-id=\"30583\" class=\"elementor elementor-30583 elementor-16859\" data-elementor-post-type=\"page\">\n\t\t\t\t<div class=\"elementor-element elementor-element-68c8c5f e-con-full e-flex e-con e-parent\" data-id=\"68c8c5f\" data-element_type=\"container\" data-e-type=\"container\">\n\t\t<div class=\"elementor-element elementor-element-ed45696 e-con-full e-flex e-con e-child\" data-id=\"ed45696\" data-element_type=\"container\" data-e-type=\"container\">\n\t\t\t\t<div class=\"elementor-element elementor-element-a2af03c elementor-button-align-stretch elementor-widget elementor-widget-houzez_elementor_search_builder\" data-id=\"a2af03c\" data-element_type=\"widget\" data-e-type=\"widget\" data-widget_type=\"houzez_elementor_search_builder.default\">\n\t\t\t\t<div class=\"elementor-widget-container\">\n\t\t\t\t\t\n        <form class=\"houzez-search-form-js houzez-search-builder-form-js\" id=\"houzez-search-a2af03c\" method=\"get\" action=\"https:\/\/desto.life\/es\/resultados-de-busqueda\/\" >\n\n            \n            <div class=\"houzez-search-builder-wrapper\">\n\n                <div class=\"houzez-ele-search-form-wrapper elementor-form-fields-wrapper elementor-labels-above\">\n\n                                            <div class=\"elementor-field-group elementor-column form-group elementor-field-group-field-cities elementor-col-100\">\n                    <label for=\"form-field-field-cities\" class=\"elementor-field-label elementor-screen-only\">Ubicaci\u00f3n<\/label>        <div class=\"elementor-field elementor-select-wrapper\">\n            <select data-live-search=\"true\" data-live-search-normalize=\"true\" data-size=\"5\" name=\"areas[]\" id=\"form-field-field-cities\" class=\"selectpicker bs-select-hidden houzez-field-textual form-control elementor-size-sm houzezSelectFilter houzezFourthList\" data-none-results-text=\"Ning\u00fan resultado coincide {0}\">\n                <option value=\"\">Ubicaci\u00f3n<\/option><option data-ref=\"ibiza\" data-belong=\"\" data-subtext=\"\" value=\"ibiza\">Ibiza<\/option><option data-ref=\"jondal\" data-belong=\"\" data-subtext=\"\" value=\"jondal\">Jondal<\/option><option data-ref=\"porroig\" data-belong=\"\" data-subtext=\"\" value=\"porroig\">Porroig<\/option><option data-ref=\"roca-llisa\" data-belong=\"\" data-subtext=\"\" value=\"roca-llisa\">Roca Llisa<\/option><option data-ref=\"salinas\" data-belong=\"\" data-subtext=\"\" value=\"salinas\">Salinas<\/option><option data-ref=\"san-agustin\" data-belong=\"\" data-subtext=\"\" value=\"san-agustin\">San Agust\u00edn<\/option><option data-ref=\"san-antonio\" data-belong=\"\" data-subtext=\"\" value=\"san-antonio\">San Antonio<\/option><option data-ref=\"san-carlos\" data-belong=\"\" data-subtext=\"\" value=\"san-carlos\">San Carlos<\/option><option data-ref=\"san-jose\" data-belong=\"\" data-subtext=\"\" value=\"san-jose\">San Jos\u00e9<\/option><option data-ref=\"san-lorenzo\" data-belong=\"\" data-subtext=\"\" value=\"san-lorenzo\">San Lorenzo<\/option><option data-ref=\"san-miguel\" data-belong=\"\" data-subtext=\"\" value=\"san-miguel\">San Miguel<\/option><option data-ref=\"san-rafael\" data-belong=\"\" data-subtext=\"\" value=\"san-rafael\">San Rafael<\/option><option data-ref=\"santa-eulalia\" data-belong=\"\" data-subtext=\"\" value=\"santa-eulalia\">Santa Eulalia<\/option><option data-ref=\"santa-gertrudis\" data-belong=\"\" data-subtext=\"\" value=\"santa-gertrudis\">Santa Gertrudis<\/option>            <\/select>\n        <\/div>\n                            <\/div>\n                                <div class=\"elementor-field-group elementor-column form-group elementor-field-group-field-types elementor-col-100 elementor-sm-50\">\n                    <label for=\"form-field-field-types\" class=\"elementor-field-label elementor-screen-only\">Tipo<\/label>        <div class=\"elementor-field elementor-select-wrapper\">\n            <select data-live-search=\"true\" data-live-search-normalize=\"true\" data-size=\"5\" name=\"type[]\" id=\"form-field-field-types\" class=\"selectpicker bs-select-hidden houzez-field-textual form-control elementor-size-sm \" data-none-results-text=\"Ning\u00fan resultado coincide {0}\">\n                <option value=\"\">Tipo<\/option><option data-ref=\"parcela\"   value=\"parcela\">Parcela<\/option><option data-ref=\"villa\"   value=\"villa\">Villa<\/option>            <\/select>\n        <\/div>\n                            <\/div>\n                                <div class=\"elementor-field-group elementor-column form-group elementor-field-group-field-beds elementor-col-100 elementor-sm-50\">\n                    <label for=\"form-field-field-beds\" class=\"elementor-field-label elementor-screen-only\">Dormitorios<\/label>        <div class=\"elementor-field elementor-select-wrapper\">\n            <select data-size=\"5\" name=\"bedrooms\" id=\"form-field-field-beds\" class=\"selectpicker bs-select-hidden houzez-field-textual form-control elementor-size-sm\">\n                <option value=\"\">Dormitorios<\/option><option value=\"1\">1<\/option><option value=\"2\">2<\/option><option value=\"3\">3<\/option><option value=\"4\">4<\/option><option value=\"5\">5<\/option><option value=\"6\">6<\/option><option value=\"7\">7<\/option><option value=\"8\">8<\/option><option value=\"9\">9<\/option><option value=\"10\">10<\/option><option value=\"any\">Cualquiera<\/option>            <\/select>\n        <\/div>\n                            <\/div>\n                                <div class=\"elementor-field-group elementor-column form-group elementor-field-group-field-min-price elementor-col-100 elementor-sm-50\">\n                    <label for=\"form-field-field-min-price\" class=\"elementor-field-label elementor-screen-only\">Precio min. <\/label>            <div class=\"prices-for-all elementor-field elementor-select-wrapper\">\n                <select data-live-search=\"true\" data-live-search-normalize=\"true\" data-size=\"5\" name=\"min-price\" id=\"form-field-field-min-price\" class=\"selectpicker bs-select-hidden houzez-field-textual form-control elementor-size-sm\">\n                    <option value=\"\">Precio min. <\/option><option value=\"any\">Cualquiera<\/option><option value=\"1000\">\u20ac1.000<\/option><option value=\"5000\">\u20ac5.000<\/option><option value=\"10000\">\u20ac10.000<\/option><option value=\"50000\">\u20ac50.000<\/option><option value=\"100000\">\u20ac100.000<\/option><option value=\"200000\">\u20ac200.000<\/option><option value=\"300000\">\u20ac300.000<\/option><option value=\"400000\">\u20ac400.000<\/option><option value=\"500000\">\u20ac500.000<\/option><option value=\"600000\">\u20ac600.000<\/option><option value=\"700000\">\u20ac700.000<\/option><option value=\"800000\">\u20ac800.000<\/option><option value=\"900000\">\u20ac900.000<\/option><option value=\"1000000\">\u20ac1.000.000<\/option><option value=\"1500000\">\u20ac1.500.000<\/option><option value=\"2000000\">\u20ac2.000.000<\/option><option value=\"2500000\">\u20ac2.500.000<\/option><option value=\"5000000\">\u20ac5.000.000<\/option>\n                <\/select><!-- selectpicker -->\n            <\/div><!-- form-group -->\n\n            <div class=\"hide prices-only-for-rent elementor-field elementor-select-wrapper\">\n                <select data-live-search=\"true\" data-live-search-normalize=\"true\" data-size=\"5\" name=\"min-price\" id=\"form-field-field-min-price\" class=\"selectpicker bs-select-hidden houzez-field-textual form-control elementor-size-sm\">\n                    <option value=\"\">Precio min. <\/option><option value=\"any\">Cualquiera<\/option><option value=\"500\">\u20ac500<\/option><option value=\"1000\">\u20ac1.000<\/option><option value=\"2000\">\u20ac2.000<\/option><option value=\"3000\">\u20ac3.000<\/option><option value=\"4000\">\u20ac4.000<\/option><option value=\"5000\">\u20ac5.000<\/option><option value=\"7500\">\u20ac7.500<\/option><option value=\"10000\">\u20ac10.000<\/option><option value=\"15000\">\u20ac15.000<\/option><option value=\"20000\">\u20ac20.000<\/option><option value=\"25000\">\u20ac25.000<\/option><option value=\"30000\">\u20ac30.000<\/option><option value=\"40000\">\u20ac40.000<\/option><option value=\"50000\">\u20ac50.000<\/option><option value=\"75000\">\u20ac75.000<\/option><option value=\"100000\">\u20ac100.000<\/option>\n                <\/select><!-- selectpicker -->\n            <\/div><!-- form-group -->\n\n                            <\/div>\n                                <div class=\"elementor-field-group elementor-column form-group elementor-field-group-field-max-price elementor-col-100 elementor-sm-50\">\n                    <label for=\"form-field-field-max-price\" class=\"elementor-field-label elementor-screen-only\">Precio m\u00e1x. <\/label>        <div class=\"prices-for-all elementor-field elementor-select-wrapper\">\n            <select data-live-search=\"true true\" data-live-search-normalize=\"true true\" data-size=\"5\" name=\"max-price\" id=\"form-field-field-max-price\" class=\"selectpicker bs-select-hidden houzez-field-textual form-control elementor-size-sm\">\n                <option value=\"\">Precio m\u00e1x. <\/option><option value=\"any\">Cualquiera<\/option><option value=\"5000\">\u20ac5.000<\/option><option value=\"10000\">\u20ac10.000<\/option><option value=\"50000\">\u20ac50.000<\/option><option value=\"100000\">\u20ac100.000<\/option><option value=\"200000\">\u20ac200.000<\/option><option value=\"300000\">\u20ac300.000<\/option><option value=\"400000\">\u20ac400.000<\/option><option value=\"500000\">\u20ac500.000<\/option><option value=\"600000\">\u20ac600.000<\/option><option value=\"700000\">\u20ac700.000<\/option><option value=\"800000\">\u20ac800.000<\/option><option value=\"900000\">\u20ac900.000<\/option><option value=\"1000000\">\u20ac1.000.000<\/option><option value=\"1500000\">\u20ac1.500.000<\/option><option value=\"2000000\">\u20ac2.000.000<\/option><option value=\"2500000\">\u20ac2.500.000<\/option><option value=\"5000000\">\u20ac5.000.000<\/option><option value=\"10000000\">\u20ac10.000.000<\/option>\n            <\/select><!-- selectpicker -->\n        <\/div><!-- form-group -->\n\n        <div class=\"hide prices-only-for-rent elementor-field elementor-select-wrapper\">\n            <select data-live-search=\"true true\" data-live-search-normalize=\"true true\" data-size=\"5\" name=\"max-price\" id=\"form-field-field-max-price\" class=\"selectpicker bs-select-hidden houzez-field-textual form-control elementor-size-sm\">\n                <option value=\"\">Precio m\u00e1x. <\/option><option value=\"any\">Cualquiera<\/option><option value=\"1000\">\u20ac1.000<\/option><option value=\"2000\">\u20ac2.000<\/option><option value=\"3000\">\u20ac3.000<\/option><option value=\"4000\">\u20ac4.000<\/option><option value=\"5000\">\u20ac5.000<\/option><option value=\"7500\">\u20ac7.500<\/option><option value=\"10000\">\u20ac10.000<\/option><option value=\"15000\">\u20ac15.000<\/option><option value=\"20000\">\u20ac20.000<\/option><option value=\"25000\">\u20ac25.000<\/option><option value=\"30000\">\u20ac30.000<\/option><option value=\"40000\">\u20ac40.000<\/option><option value=\"50000\">\u20ac50.000<\/option><option value=\"75000\">\u20ac75.000<\/option><option value=\"100000\">\u20ac100.000<\/option><option value=\"150000\">\u20ac150.000<\/option>\n            <\/select><!-- selectpicker -->\n        <\/div><!-- form-group -->\n                            <\/div>\n                                    <div class=\"elementor-field-group elementor-column elementor-field-type-submit elementor-col-100\">\n                                <button type=\"submit\" class=\"houzez-search-button btn-primary elementor-button elementor-size-md\">\n                                                                            Buscar                                                                    <\/button>\n                            <\/div>\n                            \n                <\/div><!-- End main wrapper-->\n\n                            <\/div> <!-- End houzez-search-builder-wrapper -->\n        <\/form>\n\n        \t\t\t\t<\/div>\n\t\t\t\t<\/div>\n\t\t\t\t<div class=\"elementor-element elementor-element-9a60bda elementor-widget elementor-widget-houzez_elementor_sort_by\" data-id=\"9a60bda\" data-element_type=\"widget\" data-e-type=\"widget\" data-widget_type=\"houzez_elementor_sort_by.default\">\n\t\t\t\t<div class=\"elementor-widget-container\">\n\t\t\t\t\t        <div class=\"sort-by\">\n            <div class=\"d-flex align-items-center\">\n                <div class=\"sort-by-title\">\n                    Ordenar por:                <\/div><!-- sort-by-title -->  \n                <select id=\"sort_properties\" class=\"selectpicker form-control bs-select-hidden\" title=\"Por Defecto\" data-live-search=\"false\" data-dropdown-align-right=\"auto\">\n                    <option value=\"\">Por Defecto<\/option>\n                    <option  value=\"a_price\">Precio - Ascendente<\/option>\n                    <option  value=\"d_price\">Precio - Descendente<\/option>\n                    \n                    <option  value=\"featured_first\">Propiedades Destacadas Primero<\/option>\n                    \n                    <option  value=\"a_date\">Fecha - Antiguos primero<\/option>\n                    <option  value=\"d_date\">Fecha - Nuevos primero<\/option>\n                <\/select><!-- selectpicker -->\n            <\/div><!-- d-flex -->\n        <\/div><!-- sort-by -->\n        \t\t\t\t<\/div>\n\t\t\t\t<\/div>\n\t\t\t\t<\/div>\n\t\t\t\t<\/div>\n\t\t\t\t<\/div>\n\t\t","protected":false},"excerpt":{"rendered":"<p>Ubicaci\u00f3n Ubicaci\u00f3nEs CubellsIbizaJesusJondalPorroigRoca LlisaSalinasSan AgustinSan AntonioSan CarlosSan JoseSan LorenzoSan MiguelSan RafaelSanta EulaliaSanta GertrudisSanta Ines Tipo TipoPlotVilla Dormitorios Dormitorios12345678910Any Precio min. Precio min. Any\u20ac1,000\u20ac5,000\u20ac10,000\u20ac50,000\u20ac100,000\u20ac200,000\u20ac300,000\u20ac400,000\u20ac500,000\u20ac600,000\u20ac700,000\u20ac800,000\u20ac900,000\u20ac1,000,000\u20ac1,500,000\u20ac2,000,000\u20ac2,500,000\u20ac5,000,000 Precio min. Any\u20ac500\u20ac1,000\u20ac2,000\u20ac3,000\u20ac4,000\u20ac5,000\u20ac7,500\u20ac10,000\u20ac15,000\u20ac20,000\u20ac25,000\u20ac30,000\u20ac40,000\u20ac50,000\u20ac75,000\u20ac100,000 Precio m\u00e1x. Precio m\u00e1x. Any\u20ac5,000\u20ac10,000\u20ac50,000\u20ac100,000\u20ac200,000\u20ac300,000\u20ac400,000\u20ac500,000\u20ac600,000\u20ac700,000\u20ac800,000\u20ac900,000\u20ac1,000,000\u20ac1,500,000\u20ac2,000,000\u20ac2,500,000\u20ac5,000,000\u20ac10,000,000 Precio m\u00e1x. Any\u20ac1,000\u20ac2,000\u20ac3,000\u20ac4,000\u20ac5,000\u20ac7,500\u20ac10,000\u20ac15,000\u20ac20,000\u20ac25,000\u20ac30,000\u20ac40,000\u20ac50,000\u20ac75,000\u20ac100,000\u20ac150,000 Buscar Ordenar por: Default OrderPrice &#8211; Low to HighPrice &#8211; High to LowFeatured Listings FirstDate &#8211; Old to NewDate &#8211; New [&hellip;]<\/p>\n","protected":false},"author":1,"featured_media":0,"parent":0,"menu_order":0,"comment_status":"closed","ping_status":"closed","template":"template\/template-search.php","meta":{"footnotes":""},"class_list":["post-30583","page","type-page","status-publish","hentry"],"yoast_head":"<!-- This site is optimized with the Yoast SEO plugin v27.3 - https:\/\/yoast.com\/product\/yoast-seo-wordpress\/ -->\n<title>Resultados de b\u00fasqueda - Desto<\/title>\n<meta name=\"robots\" content=\"noindex, follow\" \/>\n<meta property=\"og:locale\" content=\"es_ES\" \/>\n<meta property=\"og:type\" content=\"article\" \/>\n<meta property=\"og:title\" content=\"Resultados de b\u00fasqueda - Desto\" \/>\n<meta property=\"og:description\" content=\"Ubicaci\u00f3n Ubicaci\u00f3nEs CubellsIbizaJesusJondalPorroigRoca LlisaSalinasSan AgustinSan AntonioSan CarlosSan JoseSan LorenzoSan MiguelSan RafaelSanta EulaliaSanta GertrudisSanta Ines Tipo TipoPlotVilla Dormitorios Dormitorios12345678910Any Precio min. Precio min. Any\u20ac1,000\u20ac5,000\u20ac10,000\u20ac50,000\u20ac100,000\u20ac200,000\u20ac300,000\u20ac400,000\u20ac500,000\u20ac600,000\u20ac700,000\u20ac800,000\u20ac900,000\u20ac1,000,000\u20ac1,500,000\u20ac2,000,000\u20ac2,500,000\u20ac5,000,000 Precio min. Any\u20ac500\u20ac1,000\u20ac2,000\u20ac3,000\u20ac4,000\u20ac5,000\u20ac7,500\u20ac10,000\u20ac15,000\u20ac20,000\u20ac25,000\u20ac30,000\u20ac40,000\u20ac50,000\u20ac75,000\u20ac100,000 Precio m\u00e1x. Precio m\u00e1x. Any\u20ac5,000\u20ac10,000\u20ac50,000\u20ac100,000\u20ac200,000\u20ac300,000\u20ac400,000\u20ac500,000\u20ac600,000\u20ac700,000\u20ac800,000\u20ac900,000\u20ac1,000,000\u20ac1,500,000\u20ac2,000,000\u20ac2,500,000\u20ac5,000,000\u20ac10,000,000 Precio m\u00e1x. Any\u20ac1,000\u20ac2,000\u20ac3,000\u20ac4,000\u20ac5,000\u20ac7,500\u20ac10,000\u20ac15,000\u20ac20,000\u20ac25,000\u20ac30,000\u20ac40,000\u20ac50,000\u20ac75,000\u20ac100,000\u20ac150,000 Buscar Ordenar por: Default OrderPrice &#8211; Low to HighPrice &#8211; High to LowFeatured Listings FirstDate &#8211; Old to NewDate &#8211; New [&hellip;]\" \/>\n<meta property=\"og:url\" content=\"https:\/\/desto.life\/es\/resultados-de-busqueda\/\" \/>\n<meta property=\"og:site_name\" content=\"Desto\" \/>\n<meta property=\"article:publisher\" content=\"https:\/\/www.facebook.com\/people\/Desto\/100066478405366\/\" \/>\n<meta property=\"article:modified_time\" content=\"2026-01-22T11:18:44+00:00\" \/>\n<meta name=\"twitter:card\" content=\"summary_large_image\" \/>\n<script type=\"application\/ld+json\" class=\"yoast-schema-graph\">{\"@context\":\"https:\\\/\\\/schema.org\",\"@graph\":[{\"@type\":\"WebPage\",\"@id\":\"https:\\\/\\\/desto.life\\\/es\\\/resultados-de-busqueda\\\/\",\"url\":\"https:\\\/\\\/desto.life\\\/es\\\/resultados-de-busqueda\\\/\",\"name\":\"Resultados de b\u00fasqueda - Desto\",\"isPartOf\":{\"@id\":\"https:\\\/\\\/desto.life\\\/#website\"},\"datePublished\":\"2020-02-27T15:59:06+00:00\",\"dateModified\":\"2026-01-22T11:18:44+00:00\",\"breadcrumb\":{\"@id\":\"https:\\\/\\\/desto.life\\\/es\\\/resultados-de-busqueda\\\/#breadcrumb\"},\"inLanguage\":\"es\",\"potentialAction\":[{\"@type\":\"ReadAction\",\"target\":[\"https:\\\/\\\/desto.life\\\/es\\\/resultados-de-busqueda\\\/\"]}]},{\"@type\":\"BreadcrumbList\",\"@id\":\"https:\\\/\\\/desto.life\\\/es\\\/resultados-de-busqueda\\\/#breadcrumb\",\"itemListElement\":[{\"@type\":\"ListItem\",\"position\":1,\"name\":\"Home\",\"item\":\"https:\\\/\\\/desto.life\\\/es\\\/\"},{\"@type\":\"ListItem\",\"position\":2,\"name\":\"Resultados de b\u00fasqueda\"}]},{\"@type\":\"WebSite\",\"@id\":\"https:\\\/\\\/desto.life\\\/#website\",\"url\":\"https:\\\/\\\/desto.life\\\/\",\"name\":\"Desto\",\"description\":\"Real Estate and yatching\",\"publisher\":{\"@id\":\"https:\\\/\\\/desto.life\\\/#organization\"},\"potentialAction\":[{\"@type\":\"SearchAction\",\"target\":{\"@type\":\"EntryPoint\",\"urlTemplate\":\"https:\\\/\\\/desto.life\\\/?s={search_term_string}\"},\"query-input\":{\"@type\":\"PropertyValueSpecification\",\"valueRequired\":true,\"valueName\":\"search_term_string\"}}],\"inLanguage\":\"es\"},{\"@type\":\"Organization\",\"@id\":\"https:\\\/\\\/desto.life\\\/#organization\",\"name\":\"Desto\",\"url\":\"https:\\\/\\\/desto.life\\\/\",\"logo\":{\"@type\":\"ImageObject\",\"inLanguage\":\"es\",\"@id\":\"https:\\\/\\\/desto.life\\\/#\\\/schema\\\/logo\\\/image\\\/\",\"url\":\"https:\\\/\\\/desto.life\\\/wp-content\\\/uploads\\\/2025\\\/10\\\/logo_desto.png\",\"contentUrl\":\"https:\\\/\\\/desto.life\\\/wp-content\\\/uploads\\\/2025\\\/10\\\/logo_desto.png\",\"width\":168,\"height\":47,\"caption\":\"Desto\"},\"image\":{\"@id\":\"https:\\\/\\\/desto.life\\\/#\\\/schema\\\/logo\\\/image\\\/\"},\"sameAs\":[\"https:\\\/\\\/www.facebook.com\\\/people\\\/Desto\\\/100066478405366\\\/\",\"https:\\\/\\\/www.instagram.com\\\/desto.life\\\/\"]}]}<\/script>\n<!-- \/ Yoast SEO plugin. -->","yoast_head_json":{"title":"Resultados de b\u00fasqueda - Desto","robots":{"index":"noindex","follow":"follow"},"og_locale":"es_ES","og_type":"article","og_title":"Resultados de b\u00fasqueda - Desto","og_description":"Ubicaci\u00f3n Ubicaci\u00f3nEs CubellsIbizaJesusJondalPorroigRoca LlisaSalinasSan AgustinSan AntonioSan CarlosSan JoseSan LorenzoSan MiguelSan RafaelSanta EulaliaSanta GertrudisSanta Ines Tipo TipoPlotVilla Dormitorios Dormitorios12345678910Any Precio min. Precio min. Any\u20ac1,000\u20ac5,000\u20ac10,000\u20ac50,000\u20ac100,000\u20ac200,000\u20ac300,000\u20ac400,000\u20ac500,000\u20ac600,000\u20ac700,000\u20ac800,000\u20ac900,000\u20ac1,000,000\u20ac1,500,000\u20ac2,000,000\u20ac2,500,000\u20ac5,000,000 Precio min. Any\u20ac500\u20ac1,000\u20ac2,000\u20ac3,000\u20ac4,000\u20ac5,000\u20ac7,500\u20ac10,000\u20ac15,000\u20ac20,000\u20ac25,000\u20ac30,000\u20ac40,000\u20ac50,000\u20ac75,000\u20ac100,000 Precio m\u00e1x. Precio m\u00e1x. Any\u20ac5,000\u20ac10,000\u20ac50,000\u20ac100,000\u20ac200,000\u20ac300,000\u20ac400,000\u20ac500,000\u20ac600,000\u20ac700,000\u20ac800,000\u20ac900,000\u20ac1,000,000\u20ac1,500,000\u20ac2,000,000\u20ac2,500,000\u20ac5,000,000\u20ac10,000,000 Precio m\u00e1x. Any\u20ac1,000\u20ac2,000\u20ac3,000\u20ac4,000\u20ac5,000\u20ac7,500\u20ac10,000\u20ac15,000\u20ac20,000\u20ac25,000\u20ac30,000\u20ac40,000\u20ac50,000\u20ac75,000\u20ac100,000\u20ac150,000 Buscar Ordenar por: Default OrderPrice &#8211; Low to HighPrice &#8211; High to LowFeatured Listings FirstDate &#8211; Old to NewDate &#8211; New [&hellip;]","og_url":"https:\/\/desto.life\/es\/resultados-de-busqueda\/","og_site_name":"Desto","article_publisher":"https:\/\/www.facebook.com\/people\/Desto\/100066478405366\/","article_modified_time":"2026-01-22T11:18:44+00:00","twitter_card":"summary_large_image","schema":{"@context":"https:\/\/schema.org","@graph":[{"@type":"WebPage","@id":"https:\/\/desto.life\/es\/resultados-de-busqueda\/","url":"https:\/\/desto.life\/es\/resultados-de-busqueda\/","name":"Resultados de b\u00fasqueda - Desto","isPartOf":{"@id":"https:\/\/desto.life\/#website"},"datePublished":"2020-02-27T15:59:06+00:00","dateModified":"2026-01-22T11:18:44+00:00","breadcrumb":{"@id":"https:\/\/desto.life\/es\/resultados-de-busqueda\/#breadcrumb"},"inLanguage":"es","potentialAction":[{"@type":"ReadAction","target":["https:\/\/desto.life\/es\/resultados-de-busqueda\/"]}]},{"@type":"BreadcrumbList","@id":"https:\/\/desto.life\/es\/resultados-de-busqueda\/#breadcrumb","itemListElement":[{"@type":"ListItem","position":1,"name":"Home","item":"https:\/\/desto.life\/es\/"},{"@type":"ListItem","position":2,"name":"Resultados de b\u00fasqueda"}]},{"@type":"WebSite","@id":"https:\/\/desto.life\/#website","url":"https:\/\/desto.life\/","name":"Desto","description":"Real Estate and yatching","publisher":{"@id":"https:\/\/desto.life\/#organization"},"potentialAction":[{"@type":"SearchAction","target":{"@type":"EntryPoint","urlTemplate":"https:\/\/desto.life\/?s={search_term_string}"},"query-input":{"@type":"PropertyValueSpecification","valueRequired":true,"valueName":"search_term_string"}}],"inLanguage":"es"},{"@type":"Organization","@id":"https:\/\/desto.life\/#organization","name":"Desto","url":"https:\/\/desto.life\/","logo":{"@type":"ImageObject","inLanguage":"es","@id":"https:\/\/desto.life\/#\/schema\/logo\/image\/","url":"https:\/\/desto.life\/wp-content\/uploads\/2025\/10\/logo_desto.png","contentUrl":"https:\/\/desto.life\/wp-content\/uploads\/2025\/10\/logo_desto.png","width":168,"height":47,"caption":"Desto"},"image":{"@id":"https:\/\/desto.life\/#\/schema\/logo\/image\/"},"sameAs":["https:\/\/www.facebook.com\/people\/Desto\/100066478405366\/","https:\/\/www.instagram.com\/desto.life\/"]}]}},"_links":{"self":[{"href":"https:\/\/desto.life\/es\/wp-json\/wp\/v2\/pages\/30583","targetHints":{"allow":["GET"]}}],"collection":[{"href":"https:\/\/desto.life\/es\/wp-json\/wp\/v2\/pages"}],"about":[{"href":"https:\/\/desto.life\/es\/wp-json\/wp\/v2\/types\/page"}],"author":[{"embeddable":true,"href":"https:\/\/desto.life\/es\/wp-json\/wp\/v2\/users\/1"}],"replies":[{"embeddable":true,"href":"https:\/\/desto.life\/es\/wp-json\/wp\/v2\/comments?post=30583"}],"version-history":[{"count":1,"href":"https:\/\/desto.life\/es\/wp-json\/wp\/v2\/pages\/30583\/revisions"}],"predecessor-version":[{"id":30584,"href":"https:\/\/desto.life\/es\/wp-json\/wp\/v2\/pages\/30583\/revisions\/30584"}],"wp:attachment":[{"href":"https:\/\/desto.life\/es\/wp-json\/wp\/v2\/media?parent=30583"}],"curies":[{"name":"wp","href":"https:\/\/api.w.org\/{rel}","templated":true}]}}