{"id":30578,"date":"2025-09-04T13:03:30","date_gmt":"2025-09-04T11:03:30","guid":{"rendered":"https:\/\/desto.life\/politica-de-cookies\/"},"modified":"2026-02-04T09:54:59","modified_gmt":"2026-02-04T08:54:59","slug":"politica-de-cookies","status":"publish","type":"page","link":"https:\/\/desto.life\/es\/politica-de-cookies\/","title":{"rendered":"Pol\u00edtica de cookies"},"content":{"rendered":"\t\t<div data-elementor-type=\"wp-page\" data-elementor-id=\"30578\" class=\"elementor elementor-30578 elementor-25025\" data-elementor-post-type=\"page\">\n\t\t\t\t<div class=\"elementor-element elementor-element-522afc9d e-flex e-con-boxed e-con e-parent\" data-id=\"522afc9d\" data-element_type=\"container\" data-e-type=\"container\" data-settings=\"{&quot;background_background&quot;:&quot;classic&quot;}\">\n\t\t\t\t\t<div class=\"e-con-inner\">\n\t\t<div class=\"elementor-element elementor-element-106831e6 e-con-full textos-legales e-flex e-con e-child\" data-id=\"106831e6\" data-element_type=\"container\" data-e-type=\"container\">\n\t\t\t\t<div class=\"elementor-element elementor-element-7680095d elementor-widget elementor-widget-heading\" data-id=\"7680095d\" data-element_type=\"widget\" data-e-type=\"widget\" data-widget_type=\"heading.default\">\n\t\t\t\t\t<h1 class=\"elementor-heading-title elementor-size-default\">Pol\u00edtica de cookies<\/h1>\t\t\t\t<\/div>\n\t\t\t\t<div class=\"elementor-element elementor-element-c59f848 elementor-widget elementor-widget-heading\" data-id=\"c59f848\" data-element_type=\"widget\" data-e-type=\"widget\" data-widget_type=\"heading.default\">\n\t\t\t\t\t<h2 class=\"elementor-heading-title elementor-size-default\">\u00bfQu\u00e9 son las cookies?<\/h2>\t\t\t\t<\/div>\n\t\t\t\t<div class=\"elementor-element elementor-element-2d927541 elementor-widget elementor-widget-text-editor\" data-id=\"2d927541\" data-element_type=\"widget\" data-e-type=\"widget\" data-widget_type=\"text-editor.default\">\n\t\t\t\t\t\t\t\t\t<p>Esta Pol\u00edtica de cookies explica qu\u00e9 son las cookies y c\u00f3mo las utilizamos, los tipos de cookies que utilizamos, es decir, la informaci\u00f3n que recopilamos mediante las cookies y c\u00f3mo se utiliza esa informaci\u00f3n, y c\u00f3mo gestionar su configuraci\u00f3n de cookies.<\/p><p>Las cookies son peque\u00f1os archivos de texto que se utilizan para almacenar peque\u00f1as cantidades de informaci\u00f3n. Se almacenan en su dispositivo cuando se carga el sitio web en su navegador. Estas cookies nos ayudan a que el sitio web funcione correctamente, a que sea m\u00e1s seguro, a proporcionar una mejor experiencia de usuario y a comprender c\u00f3mo funciona el sitio web y a analizar qu\u00e9 funciona y d\u00f3nde necesita mejorar.  <\/p>\t\t\t\t\t\t\t\t<\/div>\n\t\t\t\t<div class=\"elementor-element elementor-element-6df299ef elementor-widget elementor-widget-heading\" data-id=\"6df299ef\" data-element_type=\"widget\" data-e-type=\"widget\" data-widget_type=\"heading.default\">\n\t\t\t\t\t<h2 class=\"elementor-heading-title elementor-size-default\">\u00bfC\u00f3mo utilizamos las cookies?<\/h2>\t\t\t\t<\/div>\n\t\t\t\t<div class=\"elementor-element elementor-element-e3c18c1 elementor-widget elementor-widget-text-editor\" data-id=\"e3c18c1\" data-element_type=\"widget\" data-e-type=\"widget\" data-widget_type=\"text-editor.default\">\n\t\t\t\t\t\t\t\t\t<p>Como la mayor\u00eda de los servicios en l\u00ednea, nuestro sitio web utiliza cookies propias y de terceros para diversos fines. Las cookies propias son principalmente necesarias para que el sitio web funcione correctamente y no recopilan ning\u00fan dato personal que pueda identificarle. <\/p><p>Las cookies de terceros que se utilizan en nuestro sitio web se utilizan principalmente para comprender c\u00f3mo funciona el sitio web, c\u00f3mo interact\u00faa con nuestro sitio web, mantener nuestros servicios seguros, ofrecerle anuncios que sean relevantes para usted y, en \u00faltima instancia, proporcionarle una experiencia de usuario mejor y m\u00e1s r\u00e1pida y ayudar a agilizar sus futuras interacciones con nuestro sitio web.<\/p>\t\t\t\t\t\t\t\t<\/div>\n\t\t\t\t<div class=\"elementor-element elementor-element-7f7fbc1b elementor-widget elementor-widget-heading\" data-id=\"7f7fbc1b\" data-element_type=\"widget\" data-e-type=\"widget\" data-widget_type=\"heading.default\">\n\t\t\t\t\t<h2 class=\"elementor-heading-title elementor-size-default\">Tipos de cookies que utilizamos<\/h2>\t\t\t\t<\/div>\n\t\t<div class=\"elementor-element elementor-element-6bb9612b e-con-full cky-audit-table-element e-flex e-con e-child\" data-id=\"6bb9612b\" data-element_type=\"container\" data-e-type=\"container\">\n\t\t\t\t<div class=\"elementor-element elementor-element-ca3ee7d elementor-widget elementor-widget-html\" data-id=\"ca3ee7d\" data-element_type=\"widget\" data-e-type=\"widget\" data-widget_type=\"html.default\">\n\t\t\t\t\t<div class=\"cky-audit-table-element\"\/>\t\t\t\t<\/div>\n\t\t\t\t<\/div>\n\t\t\t\t<div class=\"elementor-element elementor-element-3d3cc855 elementor-widget elementor-widget-heading\" data-id=\"3d3cc855\" data-element_type=\"widget\" data-e-type=\"widget\" data-widget_type=\"heading.default\">\n\t\t\t\t\t<h2 class=\"elementor-heading-title elementor-size-default\">Gestionar las preferencias de cookies<\/h2>\t\t\t\t<\/div>\n\t\t\t\t<div class=\"elementor-element elementor-element-2dd6747 elementor-align-left button-blue button-anim cky-banner-element elementor-widget elementor-widget-button\" data-id=\"2dd6747\" data-element_type=\"widget\" data-e-type=\"widget\" data-widget_type=\"button.default\">\n\t\t\t\t\t\t\t\t\t\t<a class=\"elementor-button elementor-button-link elementor-size-sm\" href=\"#\">\n\t\t\t\t\t\t<span class=\"elementor-button-content-wrapper\">\n\t\t\t\t\t\t<span class=\"elementor-button-icon\">\n\t\t\t\t<svg xmlns=\"http:\/\/www.w3.org\/2000\/svg\" width=\"20.586\" height=\"20.586\" viewBox=\"0 0 20.586 20.586\"><path id=\"Trazado_29_-_Contorno\" data-name=\"Trazado 29 - Contorno\" d=\"M.46-.125A.581.581,0,0,1,.873.046L13.262,12.435v-9.3a.585.585,0,0,1,1.169,0v10.71a.585.585,0,0,1-.585.585H3.137a.585.585,0,1,1,0-1.169h9.3L.046.873a.585.585,0,0,1,.413-1Zm13.3,13.767L.519.4A.085.085,0,0,0,.4.519L13.642,13.762H3.137a.085.085,0,1,0,0,.169h10.71a.085.085,0,0,0,.085-.085V3.137a.085.085,0,1,0-.169,0Z\" transform=\"translate(0.177 10.293) rotate(-45)\" fill=\"#fff\"><\/path><\/svg>\t\t\t<\/span>\n\t\t\t\t\t\t\t\t\t<span class=\"elementor-button-text\">CONFIGURACI\u00d3N DE COOKIES<\/span>\n\t\t\t\t\t<\/span>\n\t\t\t\t\t<\/a>\n\t\t\t\t\t\t\t\t<\/div>\n\t\t\t\t<div class=\"elementor-element elementor-element-6c0697e2 elementor-widget elementor-widget-text-editor\" data-id=\"6c0697e2\" data-element_type=\"widget\" data-e-type=\"widget\" data-widget_type=\"text-editor.default\">\n\t\t\t\t\t\t\t\t\t<p>Puede cambiar sus preferencias de cookies en cualquier momento haciendo clic en el enlace de arriba. Esto le permitir\u00e1 volver a visitar el banner de consentimiento de cookies y cambiar sus preferencias o retirar su consentimiento inmediatamente. <\/p><p>Adem\u00e1s, los diferentes navegadores ofrecen diferentes m\u00e9todos para bloquear y eliminar las cookies utilizadas por los sitios web. Puede cambiar la configuraci\u00f3n de su navegador para bloquear o eliminar las cookies. A continuaci\u00f3n, se muestran enlaces a documentos de ayuda sobre c\u00f3mo gestionar y eliminar las cookies de los principales navegadores web.  <\/p><p>Chrome: <a href=\"https:\/\/support.google.com\/accounts\/answer\/32050\">https:\/\/support.google.com\/accounts\/answer\/32050<\/a><br>Safari: <a href=\"https:\/\/support.apple.com\/en-in\/guide\/safari\/sfri11471\/mac\">https:\/\/support.apple.com\/en-in\/guide\/safari\/sfri11471\/mac<\/a><br>Firefox: <a href=\"https:\/\/support.mozilla.org\/en-US\/kb\/clear-cookies-and-site-data-firefox\">https:\/\/support.mozilla.org\/en-US\/kb\/clear-cookies-and-site-data-firefox<\/a><br>Internet Explorer: <a href=\"https:\/\/support.microsoft.com\/en-us\/topic\/how-to-delete-cookie-files-in-internet-explorer-bca9446f-d873-78de-77ba-d42645fa52fc\">https:\/\/support.microsoft.com\/en-us\/topic\/how-to-delete-cookie-files-in-internet-explorer-bca9446f-d873-78de-77ba-d42645fa52fc<\/a><\/p><p>Si utiliza cualquier otro navegador, consulte la documentaci\u00f3n oficial de su navegador.<\/p>\t\t\t\t\t\t\t\t<\/div>\n\t\t\t\t<\/div>\n\t\t\t\t\t<\/div>\n\t\t\t\t<\/div>\n\t\t\t\t<\/div>\n\t\t","protected":false},"excerpt":{"rendered":"<p>Pol\u00edtica de cookies \u00bfQu\u00e9 son las cookies? Esta Pol\u00edtica de cookies explica qu\u00e9 son las cookies y c\u00f3mo las utilizamos, los tipos de cookies que utilizamos, es decir, la informaci\u00f3n que recopilamos mediante las cookies y c\u00f3mo se utiliza esa informaci\u00f3n, y c\u00f3mo gestionar su configuraci\u00f3n de cookies. Las cookies son peque\u00f1os archivos de texto [&hellip;]<\/p>\n","protected":false},"author":1,"featured_media":0,"parent":0,"menu_order":0,"comment_status":"closed","ping_status":"closed","template":"elementor_header_footer","meta":{"footnotes":""},"class_list":["post-30578","page","type-page","status-publish","hentry"],"yoast_head":"<!-- This site is optimized with the Yoast SEO plugin v27.4 - https:\/\/yoast.com\/product\/yoast-seo-wordpress\/ -->\n<title>Pol\u00edtica de cookies - Desto<\/title>\n<meta name=\"robots\" content=\"noindex, follow\" \/>\n<meta property=\"og:locale\" content=\"es_ES\" \/>\n<meta property=\"og:type\" content=\"article\" \/>\n<meta property=\"og:title\" content=\"Pol\u00edtica de cookies - Desto\" \/>\n<meta property=\"og:description\" content=\"Pol\u00edtica de cookies \u00bfQu\u00e9 son las cookies? Esta Pol\u00edtica de cookies explica qu\u00e9 son las cookies y c\u00f3mo las utilizamos, los tipos de cookies que utilizamos, es decir, la informaci\u00f3n que recopilamos mediante las cookies y c\u00f3mo se utiliza esa informaci\u00f3n, y c\u00f3mo gestionar su configuraci\u00f3n de cookies. Las cookies son peque\u00f1os archivos de texto [&hellip;]\" \/>\n<meta property=\"og:url\" content=\"https:\/\/desto.life\/es\/politica-de-cookies\/\" \/>\n<meta property=\"og:site_name\" content=\"Desto\" \/>\n<meta property=\"article:publisher\" content=\"https:\/\/www.facebook.com\/people\/Desto\/100066478405366\/\" \/>\n<meta property=\"article:modified_time\" content=\"2026-02-04T08:54:59+00:00\" \/>\n<meta name=\"twitter:card\" content=\"summary_large_image\" \/>\n<meta name=\"twitter:label1\" content=\"Tiempo de lectura\" \/>\n\t<meta name=\"twitter:data1\" content=\"2 minutos\" \/>\n<script type=\"application\/ld+json\" class=\"yoast-schema-graph\">{\"@context\":\"https:\\\/\\\/schema.org\",\"@graph\":[{\"@type\":\"WebPage\",\"@id\":\"https:\\\/\\\/desto.life\\\/es\\\/politica-de-cookies\\\/\",\"url\":\"https:\\\/\\\/desto.life\\\/es\\\/politica-de-cookies\\\/\",\"name\":\"Pol\u00edtica de cookies - Desto\",\"isPartOf\":{\"@id\":\"https:\\\/\\\/desto.life\\\/#website\"},\"datePublished\":\"2025-09-04T11:03:30+00:00\",\"dateModified\":\"2026-02-04T08:54:59+00:00\",\"breadcrumb\":{\"@id\":\"https:\\\/\\\/desto.life\\\/es\\\/politica-de-cookies\\\/#breadcrumb\"},\"inLanguage\":\"es\",\"potentialAction\":[{\"@type\":\"ReadAction\",\"target\":[\"https:\\\/\\\/desto.life\\\/es\\\/politica-de-cookies\\\/\"]}]},{\"@type\":\"BreadcrumbList\",\"@id\":\"https:\\\/\\\/desto.life\\\/es\\\/politica-de-cookies\\\/#breadcrumb\",\"itemListElement\":[{\"@type\":\"ListItem\",\"position\":1,\"name\":\"Home\",\"item\":\"https:\\\/\\\/desto.life\\\/es\\\/\"},{\"@type\":\"ListItem\",\"position\":2,\"name\":\"Pol\u00edtica de cookies\"}]},{\"@type\":\"WebSite\",\"@id\":\"https:\\\/\\\/desto.life\\\/#website\",\"url\":\"https:\\\/\\\/desto.life\\\/\",\"name\":\"Desto\",\"description\":\"Real Estate and yatching\",\"publisher\":{\"@id\":\"https:\\\/\\\/desto.life\\\/#organization\"},\"potentialAction\":[{\"@type\":\"SearchAction\",\"target\":{\"@type\":\"EntryPoint\",\"urlTemplate\":\"https:\\\/\\\/desto.life\\\/?s={search_term_string}\"},\"query-input\":{\"@type\":\"PropertyValueSpecification\",\"valueRequired\":true,\"valueName\":\"search_term_string\"}}],\"inLanguage\":\"es\"},{\"@type\":\"Organization\",\"@id\":\"https:\\\/\\\/desto.life\\\/#organization\",\"name\":\"Desto\",\"url\":\"https:\\\/\\\/desto.life\\\/\",\"logo\":{\"@type\":\"ImageObject\",\"inLanguage\":\"es\",\"@id\":\"https:\\\/\\\/desto.life\\\/#\\\/schema\\\/logo\\\/image\\\/\",\"url\":\"https:\\\/\\\/desto.life\\\/wp-content\\\/uploads\\\/2025\\\/10\\\/logo_desto.png\",\"contentUrl\":\"https:\\\/\\\/desto.life\\\/wp-content\\\/uploads\\\/2025\\\/10\\\/logo_desto.png\",\"width\":168,\"height\":47,\"caption\":\"Desto\"},\"image\":{\"@id\":\"https:\\\/\\\/desto.life\\\/#\\\/schema\\\/logo\\\/image\\\/\"},\"sameAs\":[\"https:\\\/\\\/www.facebook.com\\\/people\\\/Desto\\\/100066478405366\\\/\",\"https:\\\/\\\/www.instagram.com\\\/desto.life\\\/\"]}]}<\/script>\n<!-- \/ Yoast SEO plugin. -->","yoast_head_json":{"title":"Pol\u00edtica de cookies - Desto","robots":{"index":"noindex","follow":"follow"},"og_locale":"es_ES","og_type":"article","og_title":"Pol\u00edtica de cookies - Desto","og_description":"Pol\u00edtica de cookies \u00bfQu\u00e9 son las cookies? Esta Pol\u00edtica de cookies explica qu\u00e9 son las cookies y c\u00f3mo las utilizamos, los tipos de cookies que utilizamos, es decir, la informaci\u00f3n que recopilamos mediante las cookies y c\u00f3mo se utiliza esa informaci\u00f3n, y c\u00f3mo gestionar su configuraci\u00f3n de cookies. Las cookies son peque\u00f1os archivos de texto [&hellip;]","og_url":"https:\/\/desto.life\/es\/politica-de-cookies\/","og_site_name":"Desto","article_publisher":"https:\/\/www.facebook.com\/people\/Desto\/100066478405366\/","article_modified_time":"2026-02-04T08:54:59+00:00","twitter_card":"summary_large_image","twitter_misc":{"Tiempo de lectura":"2 minutos"},"schema":{"@context":"https:\/\/schema.org","@graph":[{"@type":"WebPage","@id":"https:\/\/desto.life\/es\/politica-de-cookies\/","url":"https:\/\/desto.life\/es\/politica-de-cookies\/","name":"Pol\u00edtica de cookies - Desto","isPartOf":{"@id":"https:\/\/desto.life\/#website"},"datePublished":"2025-09-04T11:03:30+00:00","dateModified":"2026-02-04T08:54:59+00:00","breadcrumb":{"@id":"https:\/\/desto.life\/es\/politica-de-cookies\/#breadcrumb"},"inLanguage":"es","potentialAction":[{"@type":"ReadAction","target":["https:\/\/desto.life\/es\/politica-de-cookies\/"]}]},{"@type":"BreadcrumbList","@id":"https:\/\/desto.life\/es\/politica-de-cookies\/#breadcrumb","itemListElement":[{"@type":"ListItem","position":1,"name":"Home","item":"https:\/\/desto.life\/es\/"},{"@type":"ListItem","position":2,"name":"Pol\u00edtica de cookies"}]},{"@type":"WebSite","@id":"https:\/\/desto.life\/#website","url":"https:\/\/desto.life\/","name":"Desto","description":"Real Estate and yatching","publisher":{"@id":"https:\/\/desto.life\/#organization"},"potentialAction":[{"@type":"SearchAction","target":{"@type":"EntryPoint","urlTemplate":"https:\/\/desto.life\/?s={search_term_string}"},"query-input":{"@type":"PropertyValueSpecification","valueRequired":true,"valueName":"search_term_string"}}],"inLanguage":"es"},{"@type":"Organization","@id":"https:\/\/desto.life\/#organization","name":"Desto","url":"https:\/\/desto.life\/","logo":{"@type":"ImageObject","inLanguage":"es","@id":"https:\/\/desto.life\/#\/schema\/logo\/image\/","url":"https:\/\/desto.life\/wp-content\/uploads\/2025\/10\/logo_desto.png","contentUrl":"https:\/\/desto.life\/wp-content\/uploads\/2025\/10\/logo_desto.png","width":168,"height":47,"caption":"Desto"},"image":{"@id":"https:\/\/desto.life\/#\/schema\/logo\/image\/"},"sameAs":["https:\/\/www.facebook.com\/people\/Desto\/100066478405366\/","https:\/\/www.instagram.com\/desto.life\/"]}]}},"_links":{"self":[{"href":"https:\/\/desto.life\/es\/wp-json\/wp\/v2\/pages\/30578","targetHints":{"allow":["GET"]}}],"collection":[{"href":"https:\/\/desto.life\/es\/wp-json\/wp\/v2\/pages"}],"about":[{"href":"https:\/\/desto.life\/es\/wp-json\/wp\/v2\/types\/page"}],"author":[{"embeddable":true,"href":"https:\/\/desto.life\/es\/wp-json\/wp\/v2\/users\/1"}],"replies":[{"embeddable":true,"href":"https:\/\/desto.life\/es\/wp-json\/wp\/v2\/comments?post=30578"}],"version-history":[{"count":2,"href":"https:\/\/desto.life\/es\/wp-json\/wp\/v2\/pages\/30578\/revisions"}],"predecessor-version":[{"id":33018,"href":"https:\/\/desto.life\/es\/wp-json\/wp\/v2\/pages\/30578\/revisions\/33018"}],"wp:attachment":[{"href":"https:\/\/desto.life\/es\/wp-json\/wp\/v2\/media?parent=30578"}],"curies":[{"name":"wp","href":"https:\/\/api.w.org\/{rel}","templated":true}]}}