{"id":30509,"date":"2025-09-01T18:59:54","date_gmt":"2025-09-01T16:59:54","guid":{"rendered":"https:\/\/desto.life\/contacto\/"},"modified":"2026-02-10T15:51:47","modified_gmt":"2026-02-10T14:51:47","slug":"contacto","status":"publish","type":"page","link":"https:\/\/desto.life\/es\/contacto\/","title":{"rendered":"Contacto"},"content":{"rendered":"\t\t<div data-elementor-type=\"wp-page\" data-elementor-id=\"30509\" class=\"elementor elementor-30509 elementor-24167\" data-elementor-post-type=\"page\">\n\t\t\t\t<div class=\"elementor-element elementor-element-253b3b66 e-con-full e-flex e-con e-parent\" data-id=\"253b3b66\" data-element_type=\"container\" data-e-type=\"container\" data-settings=\"{&quot;background_background&quot;:&quot;classic&quot;}\">\n\t\t<div class=\"elementor-element elementor-element-24519a5b e-con-full e-flex e-con e-child\" data-id=\"24519a5b\" data-element_type=\"container\" data-e-type=\"container\">\n\t\t<div class=\"elementor-element elementor-element-cd5f4fb e-con-full e-flex e-con e-child\" data-id=\"cd5f4fb\" data-element_type=\"container\" data-e-type=\"container\">\n\t\t\t\t<div class=\"elementor-element elementor-element-7d014889 elementor-widget elementor-widget-heading\" data-id=\"7d014889\" data-element_type=\"widget\" data-e-type=\"widget\" data-widget_type=\"heading.default\">\n\t\t\t\t\t<h2 class=\"elementor-heading-title elementor-size-default\">Contacto<\/h2>\t\t\t\t<\/div>\n\t\t\t\t<div class=\"elementor-element elementor-element-55a481db elementor-widget__width-initial elementor-widget-tablet__width-inherit elementor-widget elementor-widget-text-editor\" data-id=\"55a481db\" data-element_type=\"widget\" data-e-type=\"widget\" data-widget_type=\"text-editor.default\">\n\t\t\t\t\t\t\t\t\t<p>Pong\u00e1monos en contacto<\/p><p>Nuestro equipo est\u00e1 a su disposici\u00f3n para asesorarle, tanto si est\u00e1 buscando comprar, alquilar o simplemente explorar las posibilidades que ofrece Ibiza.<\/p><p>Solicite una consulta<br>privada y comencemos la conversaci\u00f3n.<\/p>\t\t\t\t\t\t\t\t<\/div>\n\t\t\t\t<\/div>\n\t\t<div class=\"elementor-element elementor-element-fbf97a5 e-con-full e-flex e-con e-child\" data-id=\"fbf97a5\" data-element_type=\"container\" data-e-type=\"container\">\n\t\t\t\t<div class=\"elementor-element elementor-element-0e985a2 elementor-widget__width-initial elementor-hidden-mobile_extra elementor-hidden-mobile elementor-widget elementor-widget-image\" data-id=\"0e985a2\" data-element_type=\"widget\" data-e-type=\"widget\" data-widget_type=\"image.default\">\n\t\t\t\t\t\t\t\t\t\t\t\t\t\t\t<img fetchpriority=\"high\" decoding=\"async\" width=\"572\" height=\"926\" src=\"https:\/\/desto.life\/wp-content\/uploads\/2025\/09\/Rectangulo-111@2x.jpg\" class=\"attachment-large size-large wp-image-30511\" alt=\"\" \/>\t\t\t\t\t\t\t\t\t\t\t\t\t\t\t<\/div>\n\t\t<div class=\"elementor-element elementor-element-4e7e0e1 e-con-full e-flex e-con e-child\" data-id=\"4e7e0e1\" data-element_type=\"container\" data-e-type=\"container\">\n\t\t\t\t<div class=\"elementor-element elementor-element-e103823 elementor-widget elementor-widget-heading\" data-id=\"e103823\" data-element_type=\"widget\" data-e-type=\"widget\" data-widget_type=\"heading.default\">\n\t\t\t\t\t<div class=\"elementor-heading-title elementor-size-default\">Direcci\u00f3n<\/div>\t\t\t\t<\/div>\n\t\t\t\t<div class=\"elementor-element elementor-element-b29e554 elementor-widget__width-initial elementor-widget elementor-widget-text-editor\" data-id=\"b29e554\" data-element_type=\"widget\" data-e-type=\"widget\" data-widget_type=\"text-editor.default\">\n\t\t\t\t\t\t\t\t\t<p>Calle madrid 5, Ibiza,<\/p><p>Spain 07800<\/p>\t\t\t\t\t\t\t\t<\/div>\n\t\t\t\t<div class=\"elementor-element elementor-element-32cfe99 elementor-widget elementor-widget-heading\" data-id=\"32cfe99\" data-element_type=\"widget\" data-e-type=\"widget\" data-widget_type=\"heading.default\">\n\t\t\t\t\t<div class=\"elementor-heading-title elementor-size-default\">Tel\u00e9fono<\/div>\t\t\t\t<\/div>\n\t\t\t\t<div class=\"elementor-element elementor-element-91d02b8 elementor-widget__width-initial elementor-widget elementor-widget-heading\" data-id=\"91d02b8\" data-element_type=\"widget\" data-e-type=\"widget\" data-widget_type=\"heading.default\">\n\t\t\t\t\t<h2 class=\"elementor-heading-title elementor-size-default\"><a href=\"tel:+34%20+34%20662%20615%20461\">+34 662 615 461<\/a><\/h2>\t\t\t\t<\/div>\n\t\t\t\t<div class=\"elementor-element elementor-element-e6fad3a elementor-widget elementor-widget-heading\" data-id=\"e6fad3a\" data-element_type=\"widget\" data-e-type=\"widget\" data-widget_type=\"heading.default\">\n\t\t\t\t\t<div class=\"elementor-heading-title elementor-size-default\">Email<\/div>\t\t\t\t<\/div>\n\t\t\t\t<div class=\"elementor-element elementor-element-319c0e4 elementor-widget__width-initial elementor-widget elementor-widget-heading\" data-id=\"319c0e4\" data-element_type=\"widget\" data-e-type=\"widget\" data-widget_type=\"heading.default\">\n\t\t\t\t\t<h2 class=\"elementor-heading-title elementor-size-default\"><a href=\"mailto:info@desto.life\">info@desto.life<\/a><\/h2>\t\t\t\t<\/div>\n\t\t\t\t<\/div>\n\t\t\t\t<\/div>\n\t\t\t\t<\/div>\n\t\t<div class=\"elementor-element elementor-element-70feaea5 e-con-full e-flex e-con e-child\" data-id=\"70feaea5\" data-element_type=\"container\" data-e-type=\"container\">\n\t\t\t\t<div class=\"elementor-element elementor-element-7725cc71 elementor-widget-tablet__width-inherit elementor-widget elementor-widget-image\" data-id=\"7725cc71\" data-element_type=\"widget\" data-e-type=\"widget\" data-widget_type=\"image.default\">\n\t\t\t\t\t\t\t\t\t\t\t\t\t\t\t<img decoding=\"async\" width=\"948\" height=\"1024\" src=\"https:\/\/desto.life\/wp-content\/uploads\/2025\/09\/4VQRQOpz7qHR8gg5V65MrIu1T0t_kJqAgEhJ-pgpwqg@2x.jpg\" class=\"attachment-large size-large wp-image-30510\" alt=\"\" srcset=\"https:\/\/desto.life\/wp-content\/uploads\/2025\/09\/4VQRQOpz7qHR8gg5V65MrIu1T0t_kJqAgEhJ-pgpwqg@2x.jpg 1488w, https:\/\/desto.life\/wp-content\/uploads\/2025\/09\/4VQRQOpz7qHR8gg5V65MrIu1T0t_kJqAgEhJ-pgpwqg@2x-1421x1536.jpg 1421w\" sizes=\"(max-width: 948px) 100vw, 948px\" \/>\t\t\t\t\t\t\t\t\t\t\t\t\t\t\t<\/div>\n\t\t\t\t<\/div>\n\t\t\t\t<\/div>\n\t\t<div class=\"elementor-element elementor-element-bcde15b e-flex e-con-boxed e-con e-parent\" data-id=\"bcde15b\" data-element_type=\"container\" data-e-type=\"container\" data-settings=\"{&quot;background_background&quot;:&quot;classic&quot;}\">\n\t\t\t\t\t<div class=\"e-con-inner\">\n\t\t<div class=\"elementor-element elementor-element-dadde48 e-con-full e-flex e-con e-child\" data-id=\"dadde48\" data-element_type=\"container\" data-e-type=\"container\">\n\t\t\t\t<div class=\"elementor-element elementor-element-286904e elementor-widget__width-initial elementor-widget elementor-widget-heading\" data-id=\"286904e\" data-element_type=\"widget\" data-e-type=\"widget\" data-widget_type=\"heading.default\">\n\t\t\t\t\t<div class=\"elementor-heading-title elementor-size-default\">Complete este formulario y nos pondremos en contacto.<\/div>\t\t\t\t<\/div>\n\t\t\t\t<div class=\"elementor-element elementor-element-8d8a4e2 elementor-widget__width-initial elementor-button-align-start elementor-widget elementor-widget-form\" data-id=\"8d8a4e2\" data-element_type=\"widget\" data-e-type=\"widget\" data-settings=\"{&quot;step_next_label&quot;:&quot;Siguiente&quot;,&quot;step_previous_label&quot;:&quot;Anterior&quot;,&quot;button_width&quot;:&quot;100&quot;,&quot;step_type&quot;:&quot;number_text&quot;,&quot;step_icon_shape&quot;:&quot;circle&quot;}\" data-widget_type=\"form.default\">\n\t\t\t\t\t\t\t<form class=\"elementor-form\" method=\"post\" name=\"Form contacto\" aria-label=\"Form contacto\">\n\t\t\t<input type=\"hidden\" name=\"post_id\" value=\"30509\"\/>\n\t\t\t<input type=\"hidden\" name=\"form_id\" value=\"8d8a4e2\"\/>\n\t\t\t<input type=\"hidden\" name=\"referer_title\" value=\"Desto\" \/>\n\n\t\t\t\n\t\t\t<div class=\"elementor-form-fields-wrapper elementor-labels-above\">\n\t\t\t\t\t\t\t\t<div class=\"elementor-field-type-text elementor-field-group elementor-column elementor-field-group-name elementor-col-50 elementor-md-100\">\n\t\t\t\t\t\t\t\t\t\t\t\t<label for=\"form-field-name\" class=\"elementor-field-label\">\n\t\t\t\t\t\t\t\tNombre*\t\t\t\t\t\t\t<\/label>\n\t\t\t\t\t\t\t\t\t\t\t\t\t\t<input size=\"1\" type=\"text\" name=\"form_fields[name]\" id=\"form-field-name\" class=\"elementor-field elementor-size-md  elementor-field-textual\" placeholder=\"Su nombre\">\n\t\t\t\t\t\t\t\t\t\t\t<\/div>\n\t\t\t\t\t\t\t\t<div class=\"elementor-field-type-email elementor-field-group elementor-column elementor-field-group-email elementor-col-50 elementor-md-100 elementor-field-required\">\n\t\t\t\t\t\t\t\t\t\t\t\t<label for=\"form-field-email\" class=\"elementor-field-label\">\n\t\t\t\t\t\t\t\tEmail*\t\t\t\t\t\t\t<\/label>\n\t\t\t\t\t\t\t\t\t\t\t\t\t\t<input size=\"1\" type=\"email\" name=\"form_fields[email]\" id=\"form-field-email\" class=\"elementor-field elementor-size-md  elementor-field-textual\" placeholder=\"Su email\" required=\"required\">\n\t\t\t\t\t\t\t\t\t\t\t<\/div>\n\t\t\t\t\t\t\t\t<div class=\"elementor-field-type-tel elementor-field-group elementor-column elementor-field-group-phone elementor-col-50 elementor-md-100\">\n\t\t\t\t\t\t\t\t\t\t\t\t<label for=\"form-field-phone\" class=\"elementor-field-label\">\n\t\t\t\t\t\t\t\tTel\u00e9fono*\t\t\t\t\t\t\t<\/label>\n\t\t\t\t\t\t\t\t<input size=\"1\" type=\"tel\" name=\"form_fields[phone]\" id=\"form-field-phone\" class=\"elementor-field elementor-size-md  elementor-field-textual\" placeholder=\"Su n\u00famero de tel\u00e9fono\" pattern=\"[0-9()#&amp;+*-=.]+\" title=\"Solo se aceptan n\u00fameros y caracteres de tel\u00e9fono (#,-,*,etc).\">\n\n\t\t\t\t\t\t<\/div>\n\t\t\t\t\t\t\t\t<div class=\"elementor-field-type-text elementor-field-group elementor-column elementor-field-group-country elementor-col-50 elementor-md-100\">\n\t\t\t\t\t\t\t\t\t\t\t\t<label for=\"form-field-country\" class=\"elementor-field-label\">\n\t\t\t\t\t\t\t\t\u00bfDesde d\u00f3nde nos contacta?*\t\t\t\t\t\t\t<\/label>\n\t\t\t\t\t\t\t\t\t\t\t\t\t\t<input size=\"1\" type=\"text\" name=\"form_fields[country]\" id=\"form-field-country\" class=\"elementor-field elementor-size-md  elementor-field-textual\" placeholder=\"Su pa\u00eds\">\n\t\t\t\t\t\t\t\t\t\t\t<\/div>\n\t\t\t\t\t\t\t\t<div class=\"elementor-field-type-select elementor-field-group elementor-column elementor-field-group-interest elementor-col-50 elementor-md-100 elementor-field-required\">\n\t\t\t\t\t\t\t\t\t\t\t\t<label for=\"form-field-interest\" class=\"elementor-field-label\">\n\t\t\t\t\t\t\t\t\u00bfQu\u00e9 le interesa?*\t\t\t\t\t\t\t<\/label>\n\t\t\t\t\t\t\t\t<div class=\"elementor-field elementor-select-wrapper remove-before \">\n\t\t\t<div class=\"select-caret-down-wrapper\">\n\t\t\t\t<svg aria-hidden=\"true\" class=\"e-font-icon-svg e-eicon-caret-down\" viewBox=\"0 0 571.4 571.4\" xmlns=\"http:\/\/www.w3.org\/2000\/svg\"><path d=\"M571 393Q571 407 561 418L311 668Q300 679 286 679T261 668L11 418Q0 407 0 393T11 368 36 357H536Q550 357 561 368T571 393Z\"><\/path><\/svg>\t\t\t<\/div>\n\t\t\t<select name=\"form_fields[interest]\" id=\"form-field-interest\" class=\"elementor-field-textual elementor-size-md\" required=\"required\">\n\t\t\t\t\t\t\t\t\t<option value=\"Comprar&lt;br&gt;Alquilar\">Comprar&lt;br&gt;Alquilar<\/option>\n\t\t\t\t\t\t\t<\/select>\n\t\t<\/div>\n\t\t\t\t\t\t<\/div>\n\t\t\t\t\t\t\t\t<div class=\"elementor-field-type-select elementor-field-group elementor-column elementor-field-group-budget elementor-col-50 elementor-md-100\">\n\t\t\t\t\t\t\t\t\t\t\t\t<label for=\"form-field-budget\" class=\"elementor-field-label\">\n\t\t\t\t\t\t\t\t\u00bfCual es su tope de presupuesto?\t\t\t\t\t\t\t<\/label>\n\t\t\t\t\t\t\t\t<div class=\"elementor-field elementor-select-wrapper remove-before \">\n\t\t\t<div class=\"select-caret-down-wrapper\">\n\t\t\t\t<svg aria-hidden=\"true\" class=\"e-font-icon-svg e-eicon-caret-down\" viewBox=\"0 0 571.4 571.4\" xmlns=\"http:\/\/www.w3.org\/2000\/svg\"><path d=\"M571 393Q571 407 561 418L311 668Q300 679 286 679T261 668L11 418Q0 407 0 393T11 368 36 357H536Q550 357 561 368T571 393Z\"><\/path><\/svg>\t\t\t<\/div>\n\t\t\t<select name=\"form_fields[budget]\" id=\"form-field-budget\" class=\"elementor-field-textual elementor-size-md\">\n\t\t\t\t\t\t\t\t\t<option value=\"Hasta \u20ac200.000\">Hasta \u20ac200.000<\/option>\n\t\t\t\t\t\t\t\t\t<option value=\"Hasta \u20ac500.000\">Hasta \u20ac500.000<\/option>\n\t\t\t\t\t\t\t\t\t<option value=\"Hasta \u20ac750.000\">Hasta \u20ac750.000<\/option>\n\t\t\t\t\t\t\t\t\t<option value=\"Hasta \u20ac1.000.000\">Hasta \u20ac1.000.000<\/option>\n\t\t\t\t\t\t\t<\/select>\n\t\t<\/div>\n\t\t\t\t\t\t<\/div>\n\t\t\t\t\t\t\t\t<div class=\"elementor-field-type-textarea elementor-field-group elementor-column elementor-field-group-message elementor-col-100\">\n\t\t\t\t\t<textarea class=\"elementor-field-textual elementor-field  elementor-size-md\" name=\"form_fields[message]\" id=\"form-field-message\" rows=\"4\" placeholder=\"Su mensaje...\"><\/textarea>\t\t\t\t<\/div>\n\t\t\t\t\t\t\t\t<div class=\"elementor-field-type-acceptance elementor-field-group elementor-column elementor-field-group-aceptacion elementor-col-100 elementor-field-required\">\n\t\t\t\t\t\t\t<div class=\"elementor-field-subgroup\">\n\t\t\t<span class=\"elementor-field-option\">\n\t\t\t\t<input type=\"checkbox\" name=\"form_fields[aceptacion]\" id=\"form-field-aceptacion\" class=\"elementor-field elementor-size-md  elementor-acceptance-field\" required=\"required\">\n\t\t\t\t<label for=\"form-field-aceptacion\">Acepto los <a href=\"https:\/\/desto.life\/es\/politica-de-privacidad\/\" target=\"_blank\" rel=\"nofollow\">t\u00e9rminos y condiciones<\/a> legales<\/label>\t\t\t<\/span>\n\t\t<\/div>\n\t\t\t\t\t\t<\/div>\n\t\t\t\t\t\t\t\t<div class=\"elementor-field-group elementor-column elementor-field-type-submit elementor-col-100 e-form__buttons\">\n\t\t\t\t\t<button class=\"elementor-button elementor-size-sm\" type=\"submit\" id=\"form-submit\">\n\t\t\t\t\t\t<span class=\"elementor-button-content-wrapper\">\n\t\t\t\t\t\t\t\t\t\t\t\t\t\t\t\t\t\t\t\t\t\t<span class=\"elementor-button-text\">Enviar<\/span>\n\t\t\t\t\t\t\t\t\t\t\t\t\t<\/span>\n\t\t\t\t\t<\/button>\n\t\t\t\t<\/div>\n\t\t\t<\/div>\n\t\t<\/form>\n\t\t\t\t\t\t<\/div>\n\t\t\t\t<\/div>\n\t\t\t\t\t<\/div>\n\t\t\t\t<\/div>\n\t\t\t\t<\/div>\n\t\t","protected":false},"excerpt":{"rendered":"<p>Contacto Pong\u00e1monos en contacto Nuestro equipo est\u00e1 a su disposici\u00f3n para asesorarle, tanto si est\u00e1 buscando comprar, alquilar o simplemente explorar las posibilidades que ofrece Ibiza. Solicite una consultaprivada y comencemos la conversaci\u00f3n. Direcci\u00f3n Calle madrid 5, Ibiza, Spain 07800 Tel\u00e9fono Email Complete este formulario y nos pondremos en contacto.<\/p>\n","protected":false},"author":1,"featured_media":0,"parent":0,"menu_order":0,"comment_status":"closed","ping_status":"closed","template":"elementor_header_footer","meta":{"footnotes":""},"class_list":["post-30509","page","type-page","status-publish","hentry"],"yoast_head":"<!-- This site is optimized with the Yoast SEO plugin v27.4 - https:\/\/yoast.com\/product\/yoast-seo-wordpress\/ -->\n<title>Contacto - Desto<\/title>\n<meta name=\"robots\" content=\"index, follow, max-snippet:-1, max-image-preview:large, max-video-preview:-1\" \/>\n<link rel=\"canonical\" href=\"https:\/\/desto.life\/es\/contacto\/\" \/>\n<meta property=\"og:locale\" content=\"es_ES\" \/>\n<meta property=\"og:type\" content=\"article\" \/>\n<meta property=\"og:title\" content=\"Contacto - Desto\" \/>\n<meta property=\"og:description\" content=\"Contacto Pong\u00e1monos en contacto Nuestro equipo est\u00e1 a su disposici\u00f3n para asesorarle, tanto si est\u00e1 buscando comprar, alquilar o simplemente explorar las posibilidades que ofrece Ibiza. Solicite una consultaprivada y comencemos la conversaci\u00f3n. Direcci\u00f3n Calle madrid 5, Ibiza, Spain 07800 Tel\u00e9fono Email Complete este formulario y nos pondremos en contacto.\" \/>\n<meta property=\"og:url\" content=\"https:\/\/desto.life\/es\/contacto\/\" \/>\n<meta property=\"og:site_name\" content=\"Desto\" \/>\n<meta property=\"article:publisher\" content=\"https:\/\/www.facebook.com\/people\/Desto\/100066478405366\/\" \/>\n<meta property=\"article:modified_time\" content=\"2026-02-10T14:51:47+00:00\" \/>\n<meta property=\"og:image\" content=\"https:\/\/desto.life\/wp-content\/uploads\/2025\/09\/Rectangulo-111@2x.jpg\" \/>\n\t<meta property=\"og:image:width\" content=\"572\" \/>\n\t<meta property=\"og:image:height\" content=\"926\" \/>\n\t<meta property=\"og:image:type\" content=\"image\/jpeg\" \/>\n<meta name=\"twitter:card\" content=\"summary_large_image\" \/>\n<script type=\"application\/ld+json\" class=\"yoast-schema-graph\">{\"@context\":\"https:\\\/\\\/schema.org\",\"@graph\":[{\"@type\":\"WebPage\",\"@id\":\"https:\\\/\\\/desto.life\\\/es\\\/contacto\\\/\",\"url\":\"https:\\\/\\\/desto.life\\\/es\\\/contacto\\\/\",\"name\":\"Contacto - Desto\",\"isPartOf\":{\"@id\":\"https:\\\/\\\/desto.life\\\/#website\"},\"primaryImageOfPage\":{\"@id\":\"https:\\\/\\\/desto.life\\\/es\\\/contacto\\\/#primaryimage\"},\"image\":{\"@id\":\"https:\\\/\\\/desto.life\\\/es\\\/contacto\\\/#primaryimage\"},\"thumbnailUrl\":\"https:\\\/\\\/desto.life\\\/wp-content\\\/uploads\\\/2025\\\/09\\\/Rectangulo-111@2x.jpg\",\"datePublished\":\"2025-09-01T16:59:54+00:00\",\"dateModified\":\"2026-02-10T14:51:47+00:00\",\"breadcrumb\":{\"@id\":\"https:\\\/\\\/desto.life\\\/es\\\/contacto\\\/#breadcrumb\"},\"inLanguage\":\"es\",\"potentialAction\":[{\"@type\":\"ReadAction\",\"target\":[\"https:\\\/\\\/desto.life\\\/es\\\/contacto\\\/\"]}]},{\"@type\":\"ImageObject\",\"inLanguage\":\"es\",\"@id\":\"https:\\\/\\\/desto.life\\\/es\\\/contacto\\\/#primaryimage\",\"url\":\"https:\\\/\\\/desto.life\\\/wp-content\\\/uploads\\\/2025\\\/09\\\/Rectangulo-111@2x.jpg\",\"contentUrl\":\"https:\\\/\\\/desto.life\\\/wp-content\\\/uploads\\\/2025\\\/09\\\/Rectangulo-111@2x.jpg\"},{\"@type\":\"BreadcrumbList\",\"@id\":\"https:\\\/\\\/desto.life\\\/es\\\/contacto\\\/#breadcrumb\",\"itemListElement\":[{\"@type\":\"ListItem\",\"position\":1,\"name\":\"Home\",\"item\":\"https:\\\/\\\/desto.life\\\/es\\\/\"},{\"@type\":\"ListItem\",\"position\":2,\"name\":\"Contacto\"}]},{\"@type\":\"WebSite\",\"@id\":\"https:\\\/\\\/desto.life\\\/#website\",\"url\":\"https:\\\/\\\/desto.life\\\/\",\"name\":\"Desto\",\"description\":\"Real Estate and yatching\",\"publisher\":{\"@id\":\"https:\\\/\\\/desto.life\\\/#organization\"},\"potentialAction\":[{\"@type\":\"SearchAction\",\"target\":{\"@type\":\"EntryPoint\",\"urlTemplate\":\"https:\\\/\\\/desto.life\\\/?s={search_term_string}\"},\"query-input\":{\"@type\":\"PropertyValueSpecification\",\"valueRequired\":true,\"valueName\":\"search_term_string\"}}],\"inLanguage\":\"es\"},{\"@type\":\"Organization\",\"@id\":\"https:\\\/\\\/desto.life\\\/#organization\",\"name\":\"Desto\",\"url\":\"https:\\\/\\\/desto.life\\\/\",\"logo\":{\"@type\":\"ImageObject\",\"inLanguage\":\"es\",\"@id\":\"https:\\\/\\\/desto.life\\\/#\\\/schema\\\/logo\\\/image\\\/\",\"url\":\"https:\\\/\\\/desto.life\\\/wp-content\\\/uploads\\\/2025\\\/10\\\/logo_desto.png\",\"contentUrl\":\"https:\\\/\\\/desto.life\\\/wp-content\\\/uploads\\\/2025\\\/10\\\/logo_desto.png\",\"width\":168,\"height\":47,\"caption\":\"Desto\"},\"image\":{\"@id\":\"https:\\\/\\\/desto.life\\\/#\\\/schema\\\/logo\\\/image\\\/\"},\"sameAs\":[\"https:\\\/\\\/www.facebook.com\\\/people\\\/Desto\\\/100066478405366\\\/\",\"https:\\\/\\\/www.instagram.com\\\/desto.life\\\/\"]}]}<\/script>\n<!-- \/ Yoast SEO plugin. -->","yoast_head_json":{"title":"Contacto - Desto","robots":{"index":"index","follow":"follow","max-snippet":"max-snippet:-1","max-image-preview":"max-image-preview:large","max-video-preview":"max-video-preview:-1"},"canonical":"https:\/\/desto.life\/es\/contacto\/","og_locale":"es_ES","og_type":"article","og_title":"Contacto - Desto","og_description":"Contacto Pong\u00e1monos en contacto Nuestro equipo est\u00e1 a su disposici\u00f3n para asesorarle, tanto si est\u00e1 buscando comprar, alquilar o simplemente explorar las posibilidades que ofrece Ibiza. Solicite una consultaprivada y comencemos la conversaci\u00f3n. Direcci\u00f3n Calle madrid 5, Ibiza, Spain 07800 Tel\u00e9fono Email Complete este formulario y nos pondremos en contacto.","og_url":"https:\/\/desto.life\/es\/contacto\/","og_site_name":"Desto","article_publisher":"https:\/\/www.facebook.com\/people\/Desto\/100066478405366\/","article_modified_time":"2026-02-10T14:51:47+00:00","og_image":[{"width":572,"height":926,"url":"https:\/\/desto.life\/wp-content\/uploads\/2025\/09\/Rectangulo-111@2x.jpg","type":"image\/jpeg"}],"twitter_card":"summary_large_image","schema":{"@context":"https:\/\/schema.org","@graph":[{"@type":"WebPage","@id":"https:\/\/desto.life\/es\/contacto\/","url":"https:\/\/desto.life\/es\/contacto\/","name":"Contacto - Desto","isPartOf":{"@id":"https:\/\/desto.life\/#website"},"primaryImageOfPage":{"@id":"https:\/\/desto.life\/es\/contacto\/#primaryimage"},"image":{"@id":"https:\/\/desto.life\/es\/contacto\/#primaryimage"},"thumbnailUrl":"https:\/\/desto.life\/wp-content\/uploads\/2025\/09\/Rectangulo-111@2x.jpg","datePublished":"2025-09-01T16:59:54+00:00","dateModified":"2026-02-10T14:51:47+00:00","breadcrumb":{"@id":"https:\/\/desto.life\/es\/contacto\/#breadcrumb"},"inLanguage":"es","potentialAction":[{"@type":"ReadAction","target":["https:\/\/desto.life\/es\/contacto\/"]}]},{"@type":"ImageObject","inLanguage":"es","@id":"https:\/\/desto.life\/es\/contacto\/#primaryimage","url":"https:\/\/desto.life\/wp-content\/uploads\/2025\/09\/Rectangulo-111@2x.jpg","contentUrl":"https:\/\/desto.life\/wp-content\/uploads\/2025\/09\/Rectangulo-111@2x.jpg"},{"@type":"BreadcrumbList","@id":"https:\/\/desto.life\/es\/contacto\/#breadcrumb","itemListElement":[{"@type":"ListItem","position":1,"name":"Home","item":"https:\/\/desto.life\/es\/"},{"@type":"ListItem","position":2,"name":"Contacto"}]},{"@type":"WebSite","@id":"https:\/\/desto.life\/#website","url":"https:\/\/desto.life\/","name":"Desto","description":"Real Estate and yatching","publisher":{"@id":"https:\/\/desto.life\/#organization"},"potentialAction":[{"@type":"SearchAction","target":{"@type":"EntryPoint","urlTemplate":"https:\/\/desto.life\/?s={search_term_string}"},"query-input":{"@type":"PropertyValueSpecification","valueRequired":true,"valueName":"search_term_string"}}],"inLanguage":"es"},{"@type":"Organization","@id":"https:\/\/desto.life\/#organization","name":"Desto","url":"https:\/\/desto.life\/","logo":{"@type":"ImageObject","inLanguage":"es","@id":"https:\/\/desto.life\/#\/schema\/logo\/image\/","url":"https:\/\/desto.life\/wp-content\/uploads\/2025\/10\/logo_desto.png","contentUrl":"https:\/\/desto.life\/wp-content\/uploads\/2025\/10\/logo_desto.png","width":168,"height":47,"caption":"Desto"},"image":{"@id":"https:\/\/desto.life\/#\/schema\/logo\/image\/"},"sameAs":["https:\/\/www.facebook.com\/people\/Desto\/100066478405366\/","https:\/\/www.instagram.com\/desto.life\/"]}]}},"_links":{"self":[{"href":"https:\/\/desto.life\/es\/wp-json\/wp\/v2\/pages\/30509","targetHints":{"allow":["GET"]}}],"collection":[{"href":"https:\/\/desto.life\/es\/wp-json\/wp\/v2\/pages"}],"about":[{"href":"https:\/\/desto.life\/es\/wp-json\/wp\/v2\/types\/page"}],"author":[{"embeddable":true,"href":"https:\/\/desto.life\/es\/wp-json\/wp\/v2\/users\/1"}],"replies":[{"embeddable":true,"href":"https:\/\/desto.life\/es\/wp-json\/wp\/v2\/comments?post=30509"}],"version-history":[{"count":2,"href":"https:\/\/desto.life\/es\/wp-json\/wp\/v2\/pages\/30509\/revisions"}],"predecessor-version":[{"id":33017,"href":"https:\/\/desto.life\/es\/wp-json\/wp\/v2\/pages\/30509\/revisions\/33017"}],"wp:attachment":[{"href":"https:\/\/desto.life\/es\/wp-json\/wp\/v2\/media?parent=30509"}],"curies":[{"name":"wp","href":"https:\/\/api.w.org\/{rel}","templated":true}]}}