{"id":30495,"date":"2025-09-01T18:47:42","date_gmt":"2025-09-01T16:47:42","guid":{"rendered":"https:\/\/desto.life\/sobre-nosotros\/"},"modified":"2026-03-26T09:00:12","modified_gmt":"2026-03-26T08:00:12","slug":"sobre-nosotros","status":"publish","type":"page","link":"https:\/\/desto.life\/es\/sobre-nosotros\/","title":{"rendered":"Sobre nosotros"},"content":{"rendered":"\t\t<div data-elementor-type=\"wp-page\" data-elementor-id=\"30495\" class=\"elementor elementor-30495 elementor-24145\" data-elementor-post-type=\"page\">\n\t\t\t\t<div class=\"elementor-element elementor-element-28258ec5 e-con-full e-flex e-con e-parent\" data-id=\"28258ec5\" data-element_type=\"container\" data-e-type=\"container\" data-settings=\"{&quot;background_background&quot;:&quot;classic&quot;}\">\n\t\t<div class=\"elementor-element elementor-element-2a65638c e-con-full e-flex e-con e-child\" data-id=\"2a65638c\" data-element_type=\"container\" data-e-type=\"container\">\n\t\t\t\t<div class=\"elementor-element elementor-element-1df924a elementor-widget elementor-widget-heading\" data-id=\"1df924a\" data-element_type=\"widget\" data-e-type=\"widget\" data-widget_type=\"heading.default\">\n\t\t\t\t\t<h1 class=\"elementor-heading-title elementor-size-default\">Sobre Nosotros<\/h1>\t\t\t\t<\/div>\n\t\t\t\t<div class=\"elementor-element elementor-element-24a135a1 elementor-widget elementor-widget-text-editor\" data-id=\"24a135a1\" data-element_type=\"widget\" data-e-type=\"widget\" data-widget_type=\"text-editor.default\">\n\t\t\t\t\t\t\t\t\t<p>Fundada por <strong>Bruno Est\u00e9vez<\/strong> , Desto Real Estate naci\u00f3 con el prop\u00f3sito de conectar a<br>sus clientes con lo mejor de Ibiza. Nos especializamos en la <strong>venta y alquiler de villas de lujo<br>y propiedades de alta gama<\/strong> , as\u00ed como en el <strong>alquiler de yates exclusivos<\/strong> , ofreciendo un<br>servicio totalmente personalizado para quienes buscan invertir o disfrutar de una<br>experiencia de vida extraordinaria en la isla. <\/p><p>Nuestro equipo est\u00e1 compuesto por <strong>profesionales experimentados<\/strong> , cada uno con amplia<br>experiencia en bienes ra\u00edces, administraci\u00f3n de propiedades, optimizaci\u00f3n de activos y<br>relaciones con el cliente. Nos motivan los valores de <strong>confianza, transparencia y criterio<br>profesional<\/strong>, garantizando que cada detalle se gestione con el m\u00e1ximo cuidado y dedicaci\u00f3n. <\/p>\t\t\t\t\t\t\t\t<\/div>\n\t\t\t\t<\/div>\n\t\t<div class=\"elementor-element elementor-element-74cea409 e-con-full e-flex e-con e-child\" data-id=\"74cea409\" data-element_type=\"container\" data-e-type=\"container\">\n\t\t\t\t<div class=\"elementor-element elementor-element-31c49518 blur-in is-pre elementor-widget elementor-widget-image\" data-id=\"31c49518\" data-element_type=\"widget\" data-e-type=\"widget\" data-widget_type=\"image.default\">\n\t\t\t\t\t\t\t\t\t\t\t\t\t\t\t<img fetchpriority=\"high\" decoding=\"async\" width=\"1006\" height=\"749\" src=\"https:\/\/desto.life\/wp-content\/uploads\/2025\/09\/DSC2565.jpg\" class=\"attachment-large size-large wp-image-30496\" alt=\"\" \/>\t\t\t\t\t\t\t\t\t\t\t\t\t\t\t<\/div>\n\t\t\t\t<\/div>\n\t\t\t\t<\/div>\n\t\t<div class=\"elementor-element elementor-element-97151ab e-flex e-con-boxed e-con e-parent\" data-id=\"97151ab\" data-element_type=\"container\" data-e-type=\"container\" id=\"team\" data-settings=\"{&quot;background_background&quot;:&quot;classic&quot;}\">\n\t\t\t\t\t<div class=\"e-con-inner\">\n\t\t<div class=\"elementor-element elementor-element-97a5b25 e-con-full e-flex e-con e-child\" data-id=\"97a5b25\" data-element_type=\"container\" data-e-type=\"container\">\n\t\t\t\t<div class=\"elementor-element elementor-element-fe2b637 elementor-widget elementor-widget-heading\" data-id=\"fe2b637\" data-element_type=\"widget\" data-e-type=\"widget\" data-widget_type=\"heading.default\">\n\t\t\t\t\t<h2 class=\"elementor-heading-title elementor-size-default\">Conoce a Nuestro Equipo<\/h2>\t\t\t\t<\/div>\n\t\t<div class=\"elementor-element elementor-element-2916ab4 e-grid e-con-full e-con e-child\" data-id=\"2916ab4\" data-element_type=\"container\" data-e-type=\"container\">\n\t\t<div class=\"elementor-element elementor-element-f341718 e-con-full e-flex e-con e-child\" data-id=\"f341718\" data-element_type=\"container\" data-e-type=\"container\">\n\t\t\t\t<div class=\"elementor-element elementor-element-ca64ae4 blur-in is-pre elementor-widget elementor-widget-image\" data-id=\"ca64ae4\" data-element_type=\"widget\" data-e-type=\"widget\" data-widget_type=\"image.default\">\n\t\t\t\t\t\t\t\t\t\t\t\t\t\t\t<img decoding=\"async\" width=\"896\" height=\"1100\" src=\"https:\/\/desto.life\/wp-content\/uploads\/2025\/09\/bruno@2x.jpg\" class=\"attachment-full size-full wp-image-30497\" alt=\"\" \/>\t\t\t\t\t\t\t\t\t\t\t\t\t\t\t<\/div>\n\t\t\t\t<div class=\"elementor-element elementor-element-401043e elementor-widget elementor-widget-heading\" data-id=\"401043e\" data-element_type=\"widget\" data-e-type=\"widget\" data-widget_type=\"heading.default\">\n\t\t\t\t\t<h3 class=\"elementor-heading-title elementor-size-default\">Bruno Est\u00e9vez<\/h3>\t\t\t\t<\/div>\n\t\t\t\t<div class=\"elementor-element elementor-element-6ea0a3c elementor-widget elementor-widget-heading\" data-id=\"6ea0a3c\" data-element_type=\"widget\" data-e-type=\"widget\" data-widget_type=\"heading.default\">\n\t\t\t\t\t<div class=\"elementor-heading-title elementor-size-default\">CEO &amp; Founder<\/div>\t\t\t\t<\/div>\n\t\t\t\t<div class=\"elementor-element elementor-element-bb9467d about-us-bio elementor-widget elementor-widget-text-editor\" data-id=\"bb9467d\" data-element_type=\"widget\" data-e-type=\"widget\" data-widget_type=\"text-editor.default\">\n\t\t\t\t\t\t\t\t\t<p>Emprendedor con parte de su trayectoria desarrollada en Londres y afincado en Baleares desde 2012. Ha construido su carrera en el \u00e1mbito del ultra lujo y es licenciado en Dise\u00f1o de Interiores, con m\u00e1s de 15 a\u00f1os de experiencia en el sector inmobiliario en Ibiza. Especialista en urbanismo y desarrollo residencial, lidera la visi\u00f3n estrat\u00e9gica y la direcci\u00f3n general de la compa\u00f1\u00eda.  <\/p>\t\t\t\t\t\t\t\t<\/div>\n\t\t\t\t<\/div>\n\t\t<div class=\"elementor-element elementor-element-720af1f e-con-full e-flex e-con e-child\" data-id=\"720af1f\" data-element_type=\"container\" data-e-type=\"container\">\n\t\t\t\t<div class=\"elementor-element elementor-element-3169f04 blur-in is-pre elementor-widget elementor-widget-image\" data-id=\"3169f04\" data-element_type=\"widget\" data-e-type=\"widget\" data-widget_type=\"image.default\">\n\t\t\t\t\t\t\t\t\t\t\t\t\t\t\t<img decoding=\"async\" width=\"896\" height=\"1100\" src=\"https:\/\/desto.life\/wp-content\/uploads\/2025\/09\/david@2x.jpg\" class=\"attachment-full size-full wp-image-30498\" alt=\"\" \/>\t\t\t\t\t\t\t\t\t\t\t\t\t\t\t<\/div>\n\t\t\t\t<div class=\"elementor-element elementor-element-c3f5517 elementor-widget elementor-widget-heading\" data-id=\"c3f5517\" data-element_type=\"widget\" data-e-type=\"widget\" data-widget_type=\"heading.default\">\n\t\t\t\t\t<h3 class=\"elementor-heading-title elementor-size-default\">David Chac\u00f3n<\/h3>\t\t\t\t<\/div>\n\t\t\t\t<div class=\"elementor-element elementor-element-74d16ba elementor-widget elementor-widget-heading\" data-id=\"74d16ba\" data-element_type=\"widget\" data-e-type=\"widget\" data-widget_type=\"heading.default\">\n\t\t\t\t\t<div class=\"elementor-heading-title elementor-size-default\">Office &amp; Concierge Director<\/div>\t\t\t\t<\/div>\n\t\t\t\t<div class=\"elementor-element elementor-element-bc5b01c about-us-bio elementor-widget elementor-widget-text-editor\" data-id=\"bc5b01c\" data-element_type=\"widget\" data-e-type=\"widget\" data-widget_type=\"text-editor.default\">\n\t\t\t\t\t\t\t\t\t<p>Con una amplia trayectoria en grandes empresas como Inditex, su formaci\u00f3n en direcci\u00f3n de equipos y ejecuci\u00f3n de proyectos le permite coordinar la experiencia integral del cliente. Cuida cada detalle para ofrecer un servicio fluido, cercano y altamente personalizado. <\/p>\t\t\t\t\t\t\t\t<\/div>\n\t\t\t\t<\/div>\n\t\t<div class=\"elementor-element elementor-element-688ee7e e-con-full e-flex e-con e-child\" data-id=\"688ee7e\" data-element_type=\"container\" data-e-type=\"container\">\n\t\t\t\t<div class=\"elementor-element elementor-element-0029ec2 blur-in is-pre elementor-widget elementor-widget-image\" data-id=\"0029ec2\" data-element_type=\"widget\" data-e-type=\"widget\" data-widget_type=\"image.default\">\n\t\t\t\t\t\t\t\t\t\t\t\t\t\t\t<img loading=\"lazy\" decoding=\"async\" width=\"896\" height=\"1100\" src=\"https:\/\/desto.life\/wp-content\/uploads\/2025\/09\/jaime@2x.jpg\" class=\"attachment-full size-full wp-image-30499\" alt=\"\" \/>\t\t\t\t\t\t\t\t\t\t\t\t\t\t\t<\/div>\n\t\t\t\t<div class=\"elementor-element elementor-element-a7e7e40 elementor-widget elementor-widget-heading\" data-id=\"a7e7e40\" data-element_type=\"widget\" data-e-type=\"widget\" data-widget_type=\"heading.default\">\n\t\t\t\t\t<h3 class=\"elementor-heading-title elementor-size-default\">Jaime Escudeiro<\/h3>\t\t\t\t<\/div>\n\t\t\t\t<div class=\"elementor-element elementor-element-bd33c11 elementor-widget elementor-widget-heading\" data-id=\"bd33c11\" data-element_type=\"widget\" data-e-type=\"widget\" data-widget_type=\"heading.default\">\n\t\t\t\t\t<div class=\"elementor-heading-title elementor-size-default\">Director of Finance<\/div>\t\t\t\t<\/div>\n\t\t\t\t<div class=\"elementor-element elementor-element-321fccb about-us-bio elementor-widget elementor-widget-text-editor\" data-id=\"321fccb\" data-element_type=\"widget\" data-e-type=\"widget\" data-widget_type=\"text-editor.default\">\n\t\t\t\t\t\t\t\t\t<p>Con m\u00e1s de 10 a\u00f1os de experiencia en el sector del ultra lujo en Ibiza, destaca por su elevada capacidad organizativa y su meticulosa planificaci\u00f3n. Optimiza cada proyecto desde un enfoque estrat\u00e9gico, eficiente y orientado a resultados. <\/p>\t\t\t\t\t\t\t\t<\/div>\n\t\t\t\t<\/div>\n\t\t<div class=\"elementor-element elementor-element-3a292c9 e-con-full e-flex e-con e-child\" data-id=\"3a292c9\" data-element_type=\"container\" data-e-type=\"container\">\n\t\t\t\t<div class=\"elementor-element elementor-element-272c9ba blur-in is-pre elementor-widget elementor-widget-image\" data-id=\"272c9ba\" data-element_type=\"widget\" data-e-type=\"widget\" data-widget_type=\"image.default\">\n\t\t\t\t\t\t\t\t\t\t\t\t\t\t\t<img loading=\"lazy\" decoding=\"async\" width=\"896\" height=\"1100\" src=\"https:\/\/desto.life\/wp-content\/uploads\/2025\/09\/alberto@2x.jpg\" class=\"attachment-full size-full wp-image-30500\" alt=\"\" \/>\t\t\t\t\t\t\t\t\t\t\t\t\t\t\t<\/div>\n\t\t\t\t<div class=\"elementor-element elementor-element-322424a elementor-widget elementor-widget-heading\" data-id=\"322424a\" data-element_type=\"widget\" data-e-type=\"widget\" data-widget_type=\"heading.default\">\n\t\t\t\t\t<h3 class=\"elementor-heading-title elementor-size-default\">Alberto Ronco<\/h3>\t\t\t\t<\/div>\n\t\t\t\t<div class=\"elementor-element elementor-element-bbb007f elementor-widget elementor-widget-heading\" data-id=\"bbb007f\" data-element_type=\"widget\" data-e-type=\"widget\" data-widget_type=\"heading.default\">\n\t\t\t\t\t<div class=\"elementor-heading-title elementor-size-default\">Growth and Development Director<\/div>\t\t\t\t<\/div>\n\t\t\t\t<div class=\"elementor-element elementor-element-06bd39f about-us-bio elementor-widget elementor-widget-text-editor\" data-id=\"06bd39f\" data-element_type=\"widget\" data-e-type=\"widget\" data-widget_type=\"text-editor.default\">\n\t\t\t\t\t\t\t\t\t<p>Formado en Turismo y con experiencia en entornos internacionales, su conocimiento de la isla impulsa la expansi\u00f3n de la compa\u00f1\u00eda, el crecimiento de las operaciones y el desarrollo de nuevas oportunidades junto a clientes y partners estrat\u00e9gicos.<\/p>\t\t\t\t\t\t\t\t<\/div>\n\t\t\t\t<\/div>\n\t\t<div class=\"elementor-element elementor-element-e6b5614 e-con-full e-flex e-con e-child\" data-id=\"e6b5614\" data-element_type=\"container\" data-e-type=\"container\">\n\t\t\t\t<div class=\"elementor-element elementor-element-ebdcded blur-in is-pre elementor-widget elementor-widget-image\" data-id=\"ebdcded\" data-element_type=\"widget\" data-e-type=\"widget\" data-widget_type=\"image.default\">\n\t\t\t\t\t\t\t\t\t\t\t\t\t\t\t<img loading=\"lazy\" decoding=\"async\" width=\"896\" height=\"1100\" src=\"https:\/\/desto.life\/wp-content\/uploads\/2025\/09\/lea@2x.jpg\" class=\"attachment-full size-full wp-image-30501\" alt=\"\" \/>\t\t\t\t\t\t\t\t\t\t\t\t\t\t\t<\/div>\n\t\t\t\t<div class=\"elementor-element elementor-element-79abf0c elementor-widget elementor-widget-heading\" data-id=\"79abf0c\" data-element_type=\"widget\" data-e-type=\"widget\" data-widget_type=\"heading.default\">\n\t\t\t\t\t<h3 class=\"elementor-heading-title elementor-size-default\">Lea Schroth<\/h3>\t\t\t\t<\/div>\n\t\t\t\t<div class=\"elementor-element elementor-element-283ddbe elementor-widget elementor-widget-heading\" data-id=\"283ddbe\" data-element_type=\"widget\" data-e-type=\"widget\" data-widget_type=\"heading.default\">\n\t\t\t\t\t<div class=\"elementor-heading-title elementor-size-default\">Partner<\/div>\t\t\t\t<\/div>\n\t\t\t\t<div class=\"elementor-element elementor-element-ba2e215 about-us-bio elementor-widget elementor-widget-text-editor\" data-id=\"ba2e215\" data-element_type=\"widget\" data-e-type=\"widget\" data-widget_type=\"text-editor.default\">\n\t\t\t\t\t\t\t\t\t<p>De origen alem\u00e1n y con profundas ra\u00edces ibicencas, cuenta con m\u00e1s de 12 a\u00f1os de experiencia en el sector inmobiliario. Especialista en project development y team management, su s\u00f3lida red de contactos locales aporta a Desto un profundo conocimiento del mercado, reforzando su posicionamiento y valor diferencial. <\/p>\t\t\t\t\t\t\t\t<\/div>\n\t\t\t\t<\/div>\n\t\t<div class=\"elementor-element elementor-element-e2a023f e-con-full e-flex e-con e-child\" data-id=\"e2a023f\" data-element_type=\"container\" data-e-type=\"container\">\n\t\t\t\t<div class=\"elementor-element elementor-element-ef60ff2 blur-in is-pre elementor-widget elementor-widget-image\" data-id=\"ef60ff2\" data-element_type=\"widget\" data-e-type=\"widget\" data-widget_type=\"image.default\">\n\t\t\t\t\t\t\t\t\t\t\t\t\t\t\t<img loading=\"lazy\" decoding=\"async\" width=\"896\" height=\"1100\" src=\"https:\/\/desto.life\/wp-content\/uploads\/2025\/09\/Alba@2x.jpg\" class=\"attachment-full size-full wp-image-30502\" alt=\"\" \/>\t\t\t\t\t\t\t\t\t\t\t\t\t\t\t<\/div>\n\t\t\t\t<div class=\"elementor-element elementor-element-f42f656 elementor-widget elementor-widget-heading\" data-id=\"f42f656\" data-element_type=\"widget\" data-e-type=\"widget\" data-widget_type=\"heading.default\">\n\t\t\t\t\t<h3 class=\"elementor-heading-title elementor-size-default\">Alba<\/h3>\t\t\t\t<\/div>\n\t\t\t\t<div class=\"elementor-element elementor-element-48947c0 elementor-widget elementor-widget-heading\" data-id=\"48947c0\" data-element_type=\"widget\" data-e-type=\"widget\" data-widget_type=\"heading.default\">\n\t\t\t\t\t<div class=\"elementor-heading-title elementor-size-default\">Accountant<\/div>\t\t\t\t<\/div>\n\t\t\t\t<\/div>\n\t\t\t\t<\/div>\n\t\t\t\t<\/div>\n\t\t\t\t\t<\/div>\n\t\t\t\t<\/div>\n\t\t<div class=\"elementor-element elementor-element-49239be6 e-flex e-con-boxed e-con e-parent\" data-id=\"49239be6\" data-element_type=\"container\" data-e-type=\"container\" data-settings=\"{&quot;background_background&quot;:&quot;classic&quot;}\">\n\t\t\t\t\t<div class=\"e-con-inner\">\n\t\t\t\t<div class=\"elementor-element elementor-element-21cca1c1 elementor-widget elementor-widget-heading\" data-id=\"21cca1c1\" data-element_type=\"widget\" data-e-type=\"widget\" data-widget_type=\"heading.default\">\n\t\t\t\t\t<h2 class=\"elementor-heading-title elementor-size-default\">\u00bfQuiere unirse a nuestro equipo?<\/h2>\t\t\t\t<\/div>\n\t\t\t\t<div class=\"elementor-element elementor-element-477635d2 elementor-widget elementor-widget-heading\" data-id=\"477635d2\" data-element_type=\"widget\" data-e-type=\"widget\" data-widget_type=\"heading.default\">\n\t\t\t\t\t<div class=\"elementor-heading-title elementor-size-default\">Env\u00edenos un mensaje y nos pondremos en contacto<\/div>\t\t\t\t<\/div>\n\t\t\t\t<div class=\"elementor-element elementor-element-607c67a5 elementor-align-center button-anim elementor-widget elementor-widget-button\" data-id=\"607c67a5\" data-element_type=\"widget\" data-e-type=\"widget\" data-widget_type=\"button.default\">\n\t\t\t\t\t\t\t\t\t\t<a class=\"elementor-button elementor-button-link elementor-size-sm\" href=\"https:\/\/desto.life\/es\/contacto\/\" rel=\"nofollow\">\n\t\t\t\t\t\t<span class=\"elementor-button-content-wrapper\">\n\t\t\t\t\t\t<span class=\"elementor-button-icon\">\n\t\t\t\t<svg xmlns=\"http:\/\/www.w3.org\/2000\/svg\" width=\"20.586\" height=\"20.586\" viewBox=\"0 0 20.586 20.586\"><path id=\"Trazado_29_-_Contorno\" data-name=\"Trazado 29 - Contorno\" d=\"M.46-.125A.581.581,0,0,1,.873.046L13.262,12.435v-9.3a.585.585,0,0,1,1.169,0v10.71a.585.585,0,0,1-.585.585H3.137a.585.585,0,1,1,0-1.169h9.3L.046.873a.585.585,0,0,1,.413-1Zm13.3,13.767L.519.4A.085.085,0,0,0,.4.519L13.642,13.762H3.137a.085.085,0,1,0,0,.169h10.71a.085.085,0,0,0,.085-.085V3.137a.085.085,0,1,0-.169,0Z\" transform=\"translate(0.177 10.293) rotate(-45)\" fill=\"#fff\"><\/path><\/svg>\t\t\t<\/span>\n\t\t\t\t\t\t\t\t\t<span class=\"elementor-button-text\">CONTACTO<\/span>\n\t\t\t\t\t<\/span>\n\t\t\t\t\t<\/a>\n\t\t\t\t\t\t\t\t<\/div>\n\t\t\t\t\t<\/div>\n\t\t\t\t<\/div>\n\t\t\t\t<\/div>\n\t\t","protected":false},"excerpt":{"rendered":"<p>Sobre Nosotros Fundada por Bruno Est\u00e9vez , Desto Real Estate naci\u00f3 con el prop\u00f3sito de conectar asus clientes con lo mejor de Ibiza. Nos especializamos en la venta y alquiler de villas de lujoy propiedades de alta gama , as\u00ed como en el alquiler de yates exclusivos , ofreciendo unservicio totalmente personalizado para quienes buscan [&hellip;]<\/p>\n","protected":false},"author":1,"featured_media":0,"parent":0,"menu_order":0,"comment_status":"closed","ping_status":"closed","template":"elementor_header_footer","meta":{"footnotes":""},"class_list":["post-30495","page","type-page","status-publish","hentry"],"yoast_head":"<!-- This site is optimized with the Yoast SEO plugin v27.5 - https:\/\/yoast.com\/product\/yoast-seo-wordpress\/ -->\n<title>Conoce nuestra Historia | Desto Real Estate<\/title>\n<meta name=\"description\" content=\"Nos especializamos en la venta y alquiler de villas de lujo, propiedades de alta gama y yates exclusivos, ofreciendo un servicio personalizado\" \/>\n<meta name=\"robots\" content=\"index, follow, max-snippet:-1, max-image-preview:large, max-video-preview:-1\" \/>\n<link rel=\"canonical\" href=\"https:\/\/desto.life\/es\/sobre-nosotros\/\" \/>\n<meta property=\"og:locale\" content=\"es_ES\" \/>\n<meta property=\"og:type\" content=\"article\" \/>\n<meta property=\"og:title\" content=\"Conoce nuestra Historia | Desto Real Estate\" \/>\n<meta property=\"og:description\" content=\"Nos especializamos en la venta y alquiler de villas de lujo, propiedades de alta gama y yates exclusivos, ofreciendo un servicio personalizado\" \/>\n<meta property=\"og:url\" content=\"https:\/\/desto.life\/es\/sobre-nosotros\/\" \/>\n<meta property=\"og:site_name\" content=\"Desto\" \/>\n<meta property=\"article:publisher\" content=\"https:\/\/www.facebook.com\/people\/Desto\/100066478405366\/\" \/>\n<meta property=\"article:modified_time\" content=\"2026-03-26T08:00:12+00:00\" \/>\n<meta property=\"og:image\" content=\"https:\/\/desto.life\/wp-content\/uploads\/2025\/09\/DSC2565.jpg\" \/>\n<meta name=\"twitter:card\" content=\"summary_large_image\" \/>\n<meta name=\"twitter:label1\" content=\"Tiempo de lectura\" \/>\n\t<meta name=\"twitter:data1\" content=\"4 minutos\" \/>\n<script type=\"application\/ld+json\" class=\"yoast-schema-graph\">{\"@context\":\"https:\\\/\\\/schema.org\",\"@graph\":[{\"@type\":\"WebPage\",\"@id\":\"https:\\\/\\\/desto.life\\\/es\\\/sobre-nosotros\\\/\",\"url\":\"https:\\\/\\\/desto.life\\\/es\\\/sobre-nosotros\\\/\",\"name\":\"Conoce nuestra Historia | Desto Real Estate\",\"isPartOf\":{\"@id\":\"https:\\\/\\\/desto.life\\\/es\\\/#website\"},\"primaryImageOfPage\":{\"@id\":\"https:\\\/\\\/desto.life\\\/es\\\/sobre-nosotros\\\/#primaryimage\"},\"image\":{\"@id\":\"https:\\\/\\\/desto.life\\\/es\\\/sobre-nosotros\\\/#primaryimage\"},\"thumbnailUrl\":\"https:\\\/\\\/desto.life\\\/wp-content\\\/uploads\\\/2025\\\/09\\\/DSC2565.jpg\",\"datePublished\":\"2025-09-01T16:47:42+00:00\",\"dateModified\":\"2026-03-26T08:00:12+00:00\",\"description\":\"Nos especializamos en la venta y alquiler de villas de lujo, propiedades de alta gama y yates exclusivos, ofreciendo un servicio personalizado\",\"breadcrumb\":{\"@id\":\"https:\\\/\\\/desto.life\\\/es\\\/sobre-nosotros\\\/#breadcrumb\"},\"inLanguage\":\"es\",\"potentialAction\":[{\"@type\":\"ReadAction\",\"target\":[\"https:\\\/\\\/desto.life\\\/es\\\/sobre-nosotros\\\/\"]}]},{\"@type\":\"ImageObject\",\"inLanguage\":\"es\",\"@id\":\"https:\\\/\\\/desto.life\\\/es\\\/sobre-nosotros\\\/#primaryimage\",\"url\":\"https:\\\/\\\/desto.life\\\/wp-content\\\/uploads\\\/2025\\\/09\\\/DSC2565.jpg\",\"contentUrl\":\"https:\\\/\\\/desto.life\\\/wp-content\\\/uploads\\\/2025\\\/09\\\/DSC2565.jpg\"},{\"@type\":\"BreadcrumbList\",\"@id\":\"https:\\\/\\\/desto.life\\\/es\\\/sobre-nosotros\\\/#breadcrumb\",\"itemListElement\":[{\"@type\":\"ListItem\",\"position\":1,\"name\":\"Home\",\"item\":\"https:\\\/\\\/desto.life\\\/es\\\/\"},{\"@type\":\"ListItem\",\"position\":2,\"name\":\"Sobre nosotros\"}]},{\"@type\":\"WebSite\",\"@id\":\"https:\\\/\\\/desto.life\\\/es\\\/#website\",\"url\":\"https:\\\/\\\/desto.life\\\/es\\\/\",\"name\":\"Desto\",\"description\":\"Real Estate and yatching\",\"publisher\":{\"@id\":\"https:\\\/\\\/desto.life\\\/es\\\/#organization\"},\"potentialAction\":[{\"@type\":\"SearchAction\",\"target\":{\"@type\":\"EntryPoint\",\"urlTemplate\":\"https:\\\/\\\/desto.life\\\/es\\\/?s={search_term_string}\"},\"query-input\":{\"@type\":\"PropertyValueSpecification\",\"valueRequired\":true,\"valueName\":\"search_term_string\"}}],\"inLanguage\":\"es\"},{\"@type\":\"Organization\",\"@id\":\"https:\\\/\\\/desto.life\\\/es\\\/#organization\",\"name\":\"Desto\",\"url\":\"https:\\\/\\\/desto.life\\\/es\\\/\",\"logo\":{\"@type\":\"ImageObject\",\"inLanguage\":\"es\",\"@id\":\"https:\\\/\\\/desto.life\\\/es\\\/#\\\/schema\\\/logo\\\/image\\\/\",\"url\":\"https:\\\/\\\/desto.life\\\/wp-content\\\/uploads\\\/2025\\\/10\\\/logo_desto.png\",\"contentUrl\":\"https:\\\/\\\/desto.life\\\/wp-content\\\/uploads\\\/2025\\\/10\\\/logo_desto.png\",\"width\":168,\"height\":47,\"caption\":\"Desto\"},\"image\":{\"@id\":\"https:\\\/\\\/desto.life\\\/es\\\/#\\\/schema\\\/logo\\\/image\\\/\"},\"sameAs\":[\"https:\\\/\\\/www.facebook.com\\\/people\\\/Desto\\\/100066478405366\\\/\",\"https:\\\/\\\/www.instagram.com\\\/desto.life\\\/\"]}]}<\/script>\n<!-- \/ Yoast SEO plugin. -->","yoast_head_json":{"title":"Conoce nuestra Historia | Desto Real Estate","description":"Nos especializamos en la venta y alquiler de villas de lujo, propiedades de alta gama y yates exclusivos, ofreciendo un servicio personalizado","robots":{"index":"index","follow":"follow","max-snippet":"max-snippet:-1","max-image-preview":"max-image-preview:large","max-video-preview":"max-video-preview:-1"},"canonical":"https:\/\/desto.life\/es\/sobre-nosotros\/","og_locale":"es_ES","og_type":"article","og_title":"Conoce nuestra Historia | Desto Real Estate","og_description":"Nos especializamos en la venta y alquiler de villas de lujo, propiedades de alta gama y yates exclusivos, ofreciendo un servicio personalizado","og_url":"https:\/\/desto.life\/es\/sobre-nosotros\/","og_site_name":"Desto","article_publisher":"https:\/\/www.facebook.com\/people\/Desto\/100066478405366\/","article_modified_time":"2026-03-26T08:00:12+00:00","og_image":[{"url":"https:\/\/desto.life\/wp-content\/uploads\/2025\/09\/DSC2565.jpg","type":"","width":"","height":""}],"twitter_card":"summary_large_image","twitter_misc":{"Tiempo de lectura":"4 minutos"},"schema":{"@context":"https:\/\/schema.org","@graph":[{"@type":"WebPage","@id":"https:\/\/desto.life\/es\/sobre-nosotros\/","url":"https:\/\/desto.life\/es\/sobre-nosotros\/","name":"Conoce nuestra Historia | Desto Real Estate","isPartOf":{"@id":"https:\/\/desto.life\/es\/#website"},"primaryImageOfPage":{"@id":"https:\/\/desto.life\/es\/sobre-nosotros\/#primaryimage"},"image":{"@id":"https:\/\/desto.life\/es\/sobre-nosotros\/#primaryimage"},"thumbnailUrl":"https:\/\/desto.life\/wp-content\/uploads\/2025\/09\/DSC2565.jpg","datePublished":"2025-09-01T16:47:42+00:00","dateModified":"2026-03-26T08:00:12+00:00","description":"Nos especializamos en la venta y alquiler de villas de lujo, propiedades de alta gama y yates exclusivos, ofreciendo un servicio personalizado","breadcrumb":{"@id":"https:\/\/desto.life\/es\/sobre-nosotros\/#breadcrumb"},"inLanguage":"es","potentialAction":[{"@type":"ReadAction","target":["https:\/\/desto.life\/es\/sobre-nosotros\/"]}]},{"@type":"ImageObject","inLanguage":"es","@id":"https:\/\/desto.life\/es\/sobre-nosotros\/#primaryimage","url":"https:\/\/desto.life\/wp-content\/uploads\/2025\/09\/DSC2565.jpg","contentUrl":"https:\/\/desto.life\/wp-content\/uploads\/2025\/09\/DSC2565.jpg"},{"@type":"BreadcrumbList","@id":"https:\/\/desto.life\/es\/sobre-nosotros\/#breadcrumb","itemListElement":[{"@type":"ListItem","position":1,"name":"Home","item":"https:\/\/desto.life\/es\/"},{"@type":"ListItem","position":2,"name":"Sobre nosotros"}]},{"@type":"WebSite","@id":"https:\/\/desto.life\/es\/#website","url":"https:\/\/desto.life\/es\/","name":"Desto","description":"Real Estate and yatching","publisher":{"@id":"https:\/\/desto.life\/es\/#organization"},"potentialAction":[{"@type":"SearchAction","target":{"@type":"EntryPoint","urlTemplate":"https:\/\/desto.life\/es\/?s={search_term_string}"},"query-input":{"@type":"PropertyValueSpecification","valueRequired":true,"valueName":"search_term_string"}}],"inLanguage":"es"},{"@type":"Organization","@id":"https:\/\/desto.life\/es\/#organization","name":"Desto","url":"https:\/\/desto.life\/es\/","logo":{"@type":"ImageObject","inLanguage":"es","@id":"https:\/\/desto.life\/es\/#\/schema\/logo\/image\/","url":"https:\/\/desto.life\/wp-content\/uploads\/2025\/10\/logo_desto.png","contentUrl":"https:\/\/desto.life\/wp-content\/uploads\/2025\/10\/logo_desto.png","width":168,"height":47,"caption":"Desto"},"image":{"@id":"https:\/\/desto.life\/es\/#\/schema\/logo\/image\/"},"sameAs":["https:\/\/www.facebook.com\/people\/Desto\/100066478405366\/","https:\/\/www.instagram.com\/desto.life\/"]}]}},"_links":{"self":[{"href":"https:\/\/desto.life\/es\/wp-json\/wp\/v2\/pages\/30495","targetHints":{"allow":["GET"]}}],"collection":[{"href":"https:\/\/desto.life\/es\/wp-json\/wp\/v2\/pages"}],"about":[{"href":"https:\/\/desto.life\/es\/wp-json\/wp\/v2\/types\/page"}],"author":[{"embeddable":true,"href":"https:\/\/desto.life\/es\/wp-json\/wp\/v2\/users\/1"}],"replies":[{"embeddable":true,"href":"https:\/\/desto.life\/es\/wp-json\/wp\/v2\/comments?post=30495"}],"version-history":[{"count":10,"href":"https:\/\/desto.life\/es\/wp-json\/wp\/v2\/pages\/30495\/revisions"}],"predecessor-version":[{"id":33366,"href":"https:\/\/desto.life\/es\/wp-json\/wp\/v2\/pages\/30495\/revisions\/33366"}],"wp:attachment":[{"href":"https:\/\/desto.life\/es\/wp-json\/wp\/v2\/media?parent=30495"}],"curies":[{"name":"wp","href":"https:\/\/api.w.org\/{rel}","templated":true}]}}